{"id":1242,"date":"2019-11-07T08:51:09","date_gmt":"2019-11-07T06:51:09","guid":{"rendered":"https:\/\/turkiskasvattajat.fi\/?page_id=1242"},"modified":"2019-12-02T09:03:11","modified_gmt":"2019-12-02T07:03:11","slug":"furfarm","status":"publish","type":"page","link":"https:\/\/turkiskasvattajat.fi\/en\/furfarm\/","title":{"rendered":"Farm"},"content":{"rendered":"<div class=\"wpb-content-wrapper\"><p>[vc_section full_width=&#8221;stretch_row_content&#8221; full_height=&#8221;yes&#8221; content_placement=&#8221;bottom&#8221; css=&#8221;.vc_custom_1545613694181{background-image: url(https:\/\/turkiskasvattajat.fi\/wp-content\/uploads\/2018\/12\/header-farmen.jpg?id=351) !important;}&#8221; el_class=&#8221;ooc-hero&#8221;][vc_row][vc_column][vc_column_text css_animation=&#8221;none&#8221; el_class=&#8221;ooc-header-textblock&#8221;]<\/p>\n<h2 class=\"large\" style=\"text-align: center;\"><strong>Fur animals\u2019 welfare is<br \/>\nclose to our hearts<\/strong><\/h2>\n<p>[\/vc_column_text][\/vc_column][\/vc_row][vc_row][vc_column][vc_raw_html]JTNDYSUyMGhyZWYlM0QlMjIlMjMlMjElMkZzY3JvbGwlMjIlMjBjbGFzcyUzRCUyMm9vYy1zY3JvbGwtaWNvbiUyMGFuY2hvci1saW5rJTIyJTNFJTNDJTJGYSUzRQ==[\/vc_raw_html][\/vc_column][\/vc_row][\/vc_section][vc_section css=&#8221;.vc_custom_1548237952916{padding-top: 120px !important;padding-bottom: 120px !important;}&#8221; el_id=&#8221;scroll&#8221;][vc_row][vc_column][vc_column_text el_class=&#8221;ooc-narrow-width&#8221;]<\/p>\n<h2 class=\"ooc-small-header\">Life on a fur farm<\/h2>\n<h2 class=\"ooc-divider\">It is happiness to wake up to a new morning and to a meaningful job<\/h2>\n<p>[\/vc_column_text][vc_column_text el_class=&#8221;columnize ooc-narrow-width&#8221;]<br \/>\n<strong>A new day at my own fur farm is beginning.<\/strong> It is still early, but the first tasks already await. The work progresses according to the animals\u2019 needs and according to the seasons. During the busier times we start at dawn and work until late in the evening.<\/p>\n<p>For us, fur farming is much more than just work \u2013 it\u2019s a lifestyle. We like it in the countryside, surrounded by nature and working with animals. One thing is for certain: be it a workday or holiday, we work. A big part of the work is outside, which suits a nature lover just fine. It is wonderful to see the seasons change up close. The changing seasons also mean that the tasks change. The pups are born in the spring and during the summer they have grown so much that they are moved into their own cages, where they have more space to move.<\/p>\n<p>The breeder takes care of the feeding every day. It also means that the breeder sees every animal on the farm every day. The caretaker and the animal get to know each other and each other\u2019s daily routines. If the animal is ill or injured the breeder notices it quickly.<\/p>\n<p>The animals live in shadow houses. All fur animals live in a world of scents and an open shadow house gives them a possibility to observe the world around them by scent. Animals in the wild move around a lot in search of food and mating companions or to escape danger. These needs are filled on the fur farm in the breeding cages. The minks have their nests, as do the foxes some of the time. The fur animals also give company to each other, they live with their dam or siblings.[\/vc_column_text][\/vc_column][\/vc_row][\/vc_section][vc_section css=&#8221;.vc_custom_1548237952916{padding-top: 120px !important;padding-bottom: 120px !important;}&#8221;][vc_row][vc_column][vc_column_text el_class=&#8221;ooc-narrow-width&#8221;]<\/p>\n<h2 class=\"ooc-small-header\">Minkkicam<\/h2>\n<h2 class=\"ooc-divider\">Video under maintenance<\/h2>\n<p>[\/vc_column_text][\/vc_column][\/vc_row][\/vc_section][vc_section full_width=&#8221;stretch_row&#8221; parallax=&#8221;content-moving&#8221; css=&#8221;.vc_custom_1548232908589{padding-top: 120px !important;padding-bottom: 120px !important;background-image: url(https:\/\/turkiskasvattajat.fi\/wp-content\/uploads\/2019\/01\/faq-img.jpg?id=439) !important;background-position: center !important;background-repeat: no-repeat !important;background-size: cover !important;}&#8221;][vc_row el_class=&#8221;ooc-narrow-width&#8221;][vc_column width=&#8221;1\/2&#8243;][vc_column_text]<\/p>\n<h2 class=\"ooc-small-header white\">Questions &amp; answers<\/h2>\n<h2 style=\"text-align: center; font-size: 2.9em; color: white; font-weight: 400; line-height: 70px;\"><strong>You ask,<\/strong><br \/>\nwe answer!<\/h2>\n<p>[\/vc_column_text][vc_column_text]<a class=\"ooc-button white\" href=\"https:\/\/turkiskasvattajat.fi\/en\/faqs\/\">More questions<\/a>[\/vc_column_text][\/vc_column][vc_column width=&#8221;1\/2&#8243;][vc_column_text el_class=&#8221;white&#8221;]<\/p>\n<h3>Why are the fur animals kept in cages?<\/h3>\n<p>The choice for breeding in cages and the cage size is the result of research. The Ministry of Agriculture and Forestry of Finland defines the minimum size of the cage. Even if wild animals move a lot, there is a reason for their movement, such as the need for food or finding a mating companion or to escape danger. These needs are filled on the fur farm in the breeding cages. All fur animals live in a world of scents and an open shadow house gives them a possibility to observe the world around them by scent.[\/vc_column_text][\/vc_column][\/vc_row][\/vc_section][vc_section css=&#8221;.vc_custom_1548233426944{padding-top: 120px !important;padding-bottom: 120px !important;}&#8221;][vc_row full_width=&#8221;stretch_row_content_no_spaces&#8221; equal_height=&#8221;yes&#8221; content_placement=&#8221;middle&#8221;][vc_column width=&#8221;1\/2&#8243;][vc_column_text el_class=&#8221;ooc-narrow-width w650 padding&#8221;]<\/p>\n<h2 class=\"ooc-small-header\">Well kept fur animals are a matter of pride<\/h2>\n<h2 class=\"ooc-divider\"><strong>\u201dNobody wants to jeopardize their livelihood\u201d<\/strong><\/h2>\n<p><strong>You may have heard it said that fur breeders do not look after their animals properly? That isn\u2019t true.<\/strong> News like that give headlines \u2013 nothing more.<\/p>\n<p>Certified farms are supervised, regulated and approved and the animals\u2019 health, welfare and breeding conditions are in order on these farms. The knowhow is given from one generation to the next. The branch\u2019s self-monitoring and official controls ensure that there is no neglect. If a farm loses its certificate, it is very hard to sell the pelts. Nobody wants to jeopardize their livelihood. Or risk losing their job.<\/p>\n<p>New technology is manifested on fur farms by giving the animals clean water to drink through water dispensers. The animals get high-quality feed that has been precisely researched. The breeders aim to give the animals a stress-free environment and lots of stimuli, and to check the animals are doing well. If the animals get ill, they will receive care. The operation of certified farms is transparent, and the furs are traceable.[\/vc_column_text][\/vc_column][vc_column width=&#8221;1\/2&#8243; css=&#8221;.vc_custom_1548234140133{background-position: center !important;background-repeat: no-repeat !important;background-size: cover !important;}&#8221;][vc_single_image image=&#8221;449&#8243; img_size=&#8221;full&#8221; alignment=&#8221;right&#8221; image_hovers=&#8221;false&#8221;][vc_video][\/vc_column][\/vc_row][\/vc_section][vc_section full_width=&#8221;stretch_row&#8221; css=&#8221;.vc_custom_1548234961184{padding-top: 120px !important;padding-bottom: 120px !important;background-color: #f4f4f4 !important;}&#8221;][vc_row el_class=&#8221;ooc-narrow-width&#8221;][vc_column][vc_column_text]<\/p>\n<h2 class=\"ooc-small-header\" style=\"text-align: center;\">Everything is used<\/h2>\n<h2 class=\"ooc-divider\" style=\"text-align: center;\">The greenest branch in Finland?<\/h2>\n<p>[\/vc_column_text][vc_column_text el_class=&#8221;columnize&#8221; css=&#8221;.vc_custom_1572952146567{margin-top: 60px !important;}&#8221;]<strong>People seldom notice how much the fur branch utilizes things that would otherwise be a burden on nature.<\/strong> Somebody else\u2019s waste is worth gold for the fur branch. The fur branch uses a lot of steps to spare the environment. Instead of throwing it away, the offal of Baltic herring is used as a component in fur animal feed. By fishing Baltic herring, phosphorus, which causes eutrophication, is removed from the seas. Offal from slaughterhouses, the stuff that is unfit for human consumption, is also used in the feed for fur animals. By-products from the food industry are used as nourishment for fur animals.<\/p>\n<p>Nothing is wasted. Even the manure from fur animals is used to fertilize fields and greenhouses. Fat from the fur animal is used to make biofuel. The fat is used to produce clean, sulfur-free biodiesel as fuel for the feeding truck on the fur farm, for example. In the future more and more solar panels can be found on the roofs of the shadow houses. The energy from the solar panels will be used on the own farm.<\/p>\n<p>Therefore, the fur branch is often called the greenest field in Finland.<br \/>\n[\/vc_column_text][\/vc_column][\/vc_row][\/vc_section][vc_section css=&#8221;.vc_custom_1548235508157{padding-top: 120px !important;padding-bottom: 120px !important;}&#8221;][vc_row][vc_column][vc_column_text]<\/p>\n<h2 class=\"ooc-kahvi\" style=\"text-align: center;\"><span style=\"color: #000117;\">The coffee pot is always ready for guests.<\/span><br \/>\nWelcome!<\/h2>\n<p style=\"text-align: center;\"><span style=\"color: #000117;\">Get in touch and we will set a date<\/span><span style=\"color: #000117;\">.<\/span><\/p>\n<p style=\"text-align: center;\"><a class=\"ooc-button\" href=\"https:\/\/turkiskasvattajat.fi\/en\/contact\">Contact<\/a><\/p>\n<p>[\/vc_column_text][\/vc_column][\/vc_row][\/vc_section][vc_section full_width=&#8221;stretch_row&#8221; css=&#8221;.vc_custom_1548236309620{padding-top: 120px !important;padding-bottom: 120px !important;background-color: #f4f4f4 !important;}&#8221;][vc_row el_class=&#8221;ooc-narrow-width&#8221;][vc_column][vc_single_image image=&#8221;466&#8243; img_size=&#8221;medium&#8221; image_hovers=&#8221;false&#8221;][vc_column_text]<\/p>\n<h2 class=\"ooc-divider\"><b>Luxurious yarn made of the fox\u2019s winter coat (the Rufh project)<\/b><\/h2>\n<p>[\/vc_column_text][vc_column_text el_class=&#8221;columnize&#8221;]<span style=\"color: #000117;\">The fox changes its coat during the spring and a lot of loose hair is accrued on the fur farm and thrown away as something useless. Pia Blomstr\u00f6m, principle of Centria vocational school in Pietarsaari, wondered if there could be some use for all the loose hair. Her idea gave birth to the Rufh project (reuse foxhair).<br \/>\n<\/span><\/p>\n<p><span style=\"color: #000117;\">Would this be a domestic alternative to imported sheep\u2019s wool, used to make polishing cloths for cars? The fur animal\u2019s hair has also been tested in production of yarn. Ruukin Kehr\u00e4\u00e4m\u00f6 in Mathildedal combined fur animal\u2019s hair with alpaca and natural silk to result in high-quality yarns.<br \/>\n<\/span><\/p>\n<p><span style=\"color: #000117;\">The fur animal\u2019s hair has also been tested in felting. Felting the fur animal\u2019s hair alone gives an incredibly soft result. When combined with other natural fibers, a more even result was obtained. Different knitting and weaving methods have also been tested.<br \/>\n<\/span><\/p>\n<p><span style=\"color: #000117;\">Pia Blomstr\u00f6m is convinced that the fashion industry would have interest in yarns and products like this, when people are constantly looking for sustainable alternatives. The project has been noted in Europe due to the article published in Pellice Moda. \u00d6sterbottens Tidning has also published an article about the project.<\/span><b><u><span style=\"color: #000117;\"><br \/>\n<\/span><\/u><\/b>[\/vc_column_text][\/vc_column][\/vc_row][\/vc_section]<\/p>\n<\/div>","protected":false},"excerpt":{"rendered":"<p>[vc_section full_width=&#8221;stretch_row_content&#8221; full_height=&#8221;yes&#8221; content_placement=&#8221;bottom&#8221; css=&#8221;.vc_custom_1545613694181{background-image: url(https:\/\/turkiskasvattajat.fi\/wp-content\/uploads\/2018\/12\/header-farmen.jpg?id=351) !important;}&#8221; el_class=&#8221;ooc-hero&#8221;][vc_row][vc_column][vc_column_text css_animation=&#8221;none&#8221; el_class=&#8221;ooc-header-textblock&#8221;] Fur animals\u2019 welfare is close to our hearts [\/vc_column_text][\/vc_column][\/vc_row][vc_row][vc_column][vc_raw_html]JTNDYSUyMGhyZWYlM0QlMjIlMjMlMjElMkZzY3JvbGwlMjIlMjBjbGFzcyUzRCUyMm9vYy1zY3JvbGwtaWNvbiUyMGFuY2hvci1saW5rJTIyJTNFJTNDJTJGYSUzRQ==[\/vc_raw_html][\/vc_column][\/vc_row][\/vc_section][vc_section css=&#8221;.vc_custom_1548237952916{padding-top: 120px !important;padding-bottom: 120px !important;}&#8221; el_id=&#8221;scroll&#8221;][vc_row][vc_column][vc_column_text el_class=&#8221;ooc-narrow-width&#8221;] Life on a fur farm It is happiness to wake up to a new morning and to a meaningful job [\/vc_column_text][vc_column_text el_class=&#8221;columnize ooc-narrow-width&#8221;] A new day at my own&hellip;<\/p>\n","protected":false},"author":2,"featured_media":0,"parent":0,"menu_order":0,"comment_status":"closed","ping_status":"closed","template":"","meta":{"footnotes":""},"class_list":["post-1242","page","type-page","status-publish","hentry","description-off"],"_links":{"self":[{"href":"https:\/\/turkiskasvattajat.fi\/en\/wp-json\/wp\/v2\/pages\/1242","targetHints":{"allow":["GET"]}}],"collection":[{"href":"https:\/\/turkiskasvattajat.fi\/en\/wp-json\/wp\/v2\/pages"}],"about":[{"href":"https:\/\/turkiskasvattajat.fi\/en\/wp-json\/wp\/v2\/types\/page"}],"author":[{"embeddable":true,"href":"https:\/\/turkiskasvattajat.fi\/en\/wp-json\/wp\/v2\/users\/2"}],"replies":[{"embeddable":true,"href":"https:\/\/turkiskasvattajat.fi\/en\/wp-json\/wp\/v2\/comments?post=1242"}],"version-history":[{"count":17,"href":"https:\/\/turkiskasvattajat.fi\/en\/wp-json\/wp\/v2\/pages\/1242\/revisions"}],"predecessor-version":[{"id":1496,"href":"https:\/\/turkiskasvattajat.fi\/en\/wp-json\/wp\/v2\/pages\/1242\/revisions\/1496"}],"wp:attachment":[{"href":"https:\/\/turkiskasvattajat.fi\/en\/wp-json\/wp\/v2\/media?parent=1242"}],"curies":[{"name":"wp","href":"https:\/\/api.w.org\/{rel}","templated":true}]}}