{"id":1210,"date":"2019-10-25T12:04:12","date_gmt":"2019-10-25T09:04:12","guid":{"rendered":"https:\/\/turkiskasvattajat.fi\/?page_id=1210"},"modified":"2019-10-25T12:04:12","modified_gmt":"2019-10-25T09:04:12","slug":"fotoarkivet","status":"publish","type":"page","link":"https:\/\/turkiskasvattajat.fi\/sv\/fotoarkivet\/","title":{"rendered":"Fotoarkivet"},"content":{"rendered":"<div class=\"wpb-content-wrapper\"><p>[vc_section full_width=&#8221;stretch_row_content&#8221; full_height=&#8221;yes&#8221; content_placement=&#8221;bottom&#8221; css=&#8221;.vc_custom_1548761264255{background-image: url(https:\/\/turkiskasvattajat.fi\/wp-content\/uploads\/2019\/01\/header-videoarkiv.jpg?id=615) !important;background-position: center !important;background-repeat: no-repeat !important;background-size: cover !important;}&#8221; el_class=&#8221;ooc-hero&#8221;][vc_row][vc_column][vc_column_text css_animation=&#8221;none&#8221; el_class=&#8221;ooc-header-textblock&#8221;]<\/p>\n<h1 style=\"text-align: center;\"><strong>P\u00e4lsn\u00e4ringen \u00e4r i goda h\u00e4nder<\/strong><br \/>\n\u00e4ven i framtiden<\/h1>\n<p>[\/vc_column_text][\/vc_column][\/vc_row][vc_row][vc_column][vc_raw_html]JTNDYSUyMGhyZWYlM0QlMjIlMjMlMjElMkZzY3JvbGwlMjIlMjBjbGFzcyUzRCUyMm9vYy1zY3JvbGwtaWNvbiUyMGFuY2hvci1saW5rJTIyJTNFJTNDJTJGYSUzRQ==[\/vc_raw_html][\/vc_column][\/vc_row][\/vc_section][vc_section css=&#8221;.vc_custom_1548253839011{padding-top: 120px !important;padding-bottom: 120px !important;}&#8221;][\/vc_section][vc_section][vc_row][vc_column][vc_column_text]<\/p>\n<h2 class=\"ooc-small-header\" style=\"text-align: center;\">Fotoarkivet<\/h2>\n<p>&nbsp;<\/p>\n<p style=\"text-align: center;\">H\u00e4r kan du finna foton om p\u00e4lsdjursuppf\u00f6dares vardag.<\/p>\n<p>[\/vc_column_text][vc_column_text]\n\n\n<div id=\"wpv-view-layout-817\" class=\"js-wpv-view-layout js-wpv-layout-responsive js-wpv-view-layout-817\" data-viewnumber=\"817\" data-pagination=\"{&quot;id&quot;:817,&quot;query&quot;:&quot;normal&quot;,&quot;type&quot;:&quot;disabled&quot;,&quot;effect&quot;:&quot;fade&quot;,&quot;duration&quot;:500,&quot;speed&quot;:5,&quot;pause_on_hover&quot;:&quot;disabled&quot;,&quot;stop_rollover&quot;:&quot;false&quot;,&quot;cache_pages&quot;:&quot;enabled&quot;,&quot;preload_images&quot;:&quot;enabled&quot;,&quot;preload_pages&quot;:&quot;enabled&quot;,&quot;preload_reach&quot;:1,&quot;spinner&quot;:&quot;builtin&quot;,&quot;spinner_image&quot;:&quot;https:\/\/turkiskasvattajat.fi\/wp-content\/plugins\/wp-views\/embedded\/res\/img\/ajax-loader.gif&quot;,&quot;callback_next&quot;:&quot;&quot;,&quot;manage_history&quot;:&quot;disabled&quot;,&quot;has_controls_in_form&quot;:&quot;disabled&quot;,&quot;infinite_tolerance&quot;:&quot;0&quot;,&quot;max_pages&quot;:0,&quot;page&quot;:1,&quot;base_permalink&quot;:&quot;\/sv\/wp-json\/wp\/v2\/pages\/1210?wpv_view_count=817&amp;wpv_paged=WPV_PAGE_NUM&quot;,&quot;loop&quot;:{&quot;type&quot;:&quot;&quot;,&quot;name&quot;:&quot;&quot;,&quot;data&quot;:[],&quot;id&quot;:0}}\" data-permalink=\"\/sv\/wp-json\/wp\/v2\/pages\/1210?wpv_view_count=817\">\n\n\t\n<div class=\"ooc-press-images-wrapper\">\n\t\n\t\t\n          <a href=\"https:\/\/turkiskasvattajat.fi\/wp-content\/uploads\/2019\/11\/minks.jpg\" target=\"_blank\" class=\"ooc-press-image-item\" style=\"background-image: url('https:\/\/turkiskasvattajat.fi\/wp-content\/uploads\/2019\/11\/minks-1024x682.jpg');\"><img decoding=\"async\" src=\"https:\/\/turkiskasvattajat.fi\/wp-content\/uploads\/2019\/11\/minks-1024x682.jpg\" class=\"ooc-hidden\" alt=\"\" \/><\/a>\n\t\t\n          <a href=\"https:\/\/turkiskasvattajat.fi\/wp-content\/uploads\/2019\/11\/dsc8226.jpg\" target=\"_blank\" class=\"ooc-press-image-item\" style=\"background-image: url('https:\/\/turkiskasvattajat.fi\/wp-content\/uploads\/2019\/11\/dsc8226-1024x686.jpg');\"><img decoding=\"async\" src=\"https:\/\/turkiskasvattajat.fi\/wp-content\/uploads\/2019\/11\/dsc8226-1024x686.jpg\" class=\"ooc-hidden\" alt=\"\" \/><\/a>\n\t\t\n          <a href=\"https:\/\/turkiskasvattajat.fi\/wp-content\/uploads\/2019\/11\/mg_3790.jpg\" target=\"_blank\" class=\"ooc-press-image-item\" style=\"background-image: url('https:\/\/turkiskasvattajat.fi\/wp-content\/uploads\/2019\/11\/mg_3790-683x1024.jpg');\"><img decoding=\"async\" src=\"https:\/\/turkiskasvattajat.fi\/wp-content\/uploads\/2019\/11\/mg_3790-683x1024.jpg\" class=\"ooc-hidden\" alt=\"\" \/><\/a>\n\t\t\n          <a href=\"https:\/\/turkiskasvattajat.fi\/wp-content\/uploads\/2019\/11\/p6221405.jpg\" target=\"_blank\" class=\"ooc-press-image-item\" style=\"background-image: url('https:\/\/turkiskasvattajat.fi\/wp-content\/uploads\/2019\/11\/p6221405-768x1024.jpg');\"><img decoding=\"async\" src=\"https:\/\/turkiskasvattajat.fi\/wp-content\/uploads\/2019\/11\/p6221405-768x1024.jpg\" class=\"ooc-hidden\" alt=\"\" \/><\/a>\n\t\t\n          <a href=\"https:\/\/turkiskasvattajat.fi\/wp-content\/uploads\/2019\/11\/hopeaketunpentuja.jpg\" target=\"_blank\" class=\"ooc-press-image-item\" style=\"background-image: url('https:\/\/turkiskasvattajat.fi\/wp-content\/uploads\/2019\/11\/hopeaketunpentuja-768x1024.jpg');\"><img decoding=\"async\" src=\"https:\/\/turkiskasvattajat.fi\/wp-content\/uploads\/2019\/11\/hopeaketunpentuja-768x1024.jpg\" class=\"ooc-hidden\" alt=\"\" \/><\/a>\n\t\t\n          <a href=\"https:\/\/turkiskasvattajat.fi\/wp-content\/uploads\/2019\/11\/finnraccoon3.jpg\" target=\"_blank\" class=\"ooc-press-image-item\" style=\"background-image: url('https:\/\/turkiskasvattajat.fi\/wp-content\/uploads\/2019\/11\/finnraccoon3-1024x768.jpg');\"><img decoding=\"async\" src=\"https:\/\/turkiskasvattajat.fi\/wp-content\/uploads\/2019\/11\/finnraccoon3-1024x768.jpg\" class=\"ooc-hidden\" alt=\"\" \/><\/a>\n\t\t\n          <a href=\"https:\/\/turkiskasvattajat.fi\/wp-content\/uploads\/2019\/11\/black-cross-minks.jpg\" target=\"_blank\" class=\"ooc-press-image-item\" style=\"background-image: url('https:\/\/turkiskasvattajat.fi\/wp-content\/uploads\/2019\/11\/black-cross-minks-768x1024.jpg');\"><img decoding=\"async\" src=\"https:\/\/turkiskasvattajat.fi\/wp-content\/uploads\/2019\/11\/black-cross-minks-768x1024.jpg\" class=\"ooc-hidden\" alt=\"\" \/><\/a>\n\t\t\n          <a href=\"https:\/\/turkiskasvattajat.fi\/wp-content\/uploads\/2019\/11\/minkpups-002-1.jpg\" target=\"_blank\" class=\"ooc-press-image-item\" style=\"background-image: url('https:\/\/turkiskasvattajat.fi\/wp-content\/uploads\/2019\/11\/minkpups-002-1-1024x768.jpg');\"><img decoding=\"async\" src=\"https:\/\/turkiskasvattajat.fi\/wp-content\/uploads\/2019\/11\/minkpups-002-1-1024x768.jpg\" class=\"ooc-hidden\" alt=\"\" \/><\/a>\n\t\t\n          <a href=\"https:\/\/turkiskasvattajat.fi\/wp-content\/uploads\/2019\/11\/minkinpennut.jpg\" target=\"_blank\" class=\"ooc-press-image-item\" style=\"background-image: url('https:\/\/turkiskasvattajat.fi\/wp-content\/uploads\/2019\/11\/minkinpennut-1024x768.jpg');\"><img decoding=\"async\" src=\"https:\/\/turkiskasvattajat.fi\/wp-content\/uploads\/2019\/11\/minkinpennut-1024x768.jpg\" class=\"ooc-hidden\" alt=\"\" \/><\/a>\n\t\t\n          <a href=\"https:\/\/turkiskasvattajat.fi\/wp-content\/uploads\/2019\/11\/supinpennut-kurkistaa1.jpg\" target=\"_blank\" class=\"ooc-press-image-item\" style=\"background-image: url('https:\/\/turkiskasvattajat.fi\/wp-content\/uploads\/2019\/11\/supinpennut-kurkistaa1-1024x768.jpg');\"><img decoding=\"async\" src=\"https:\/\/turkiskasvattajat.fi\/wp-content\/uploads\/2019\/11\/supinpennut-kurkistaa1-1024x768.jpg\" class=\"ooc-hidden\" alt=\"\" \/><\/a>\n\t\t\n          <a href=\"https:\/\/turkiskasvattajat.fi\/wp-content\/uploads\/2019\/11\/finnraccoon2.jpg\" target=\"_blank\" class=\"ooc-press-image-item\" style=\"background-image: url('https:\/\/turkiskasvattajat.fi\/wp-content\/uploads\/2019\/11\/finnraccoon2-1024x768.jpg');\"><img decoding=\"async\" src=\"https:\/\/turkiskasvattajat.fi\/wp-content\/uploads\/2019\/11\/finnraccoon2-1024x768.jpg\" class=\"ooc-hidden\" alt=\"\" \/><\/a>\n\t\t\n          <a href=\"https:\/\/turkiskasvattajat.fi\/wp-content\/uploads\/2019\/11\/finnraccoon.jpg\" target=\"_blank\" class=\"ooc-press-image-item\" style=\"background-image: url('https:\/\/turkiskasvattajat.fi\/wp-content\/uploads\/2019\/11\/finnraccoon-1024x768.jpg');\"><img decoding=\"async\" src=\"https:\/\/turkiskasvattajat.fi\/wp-content\/uploads\/2019\/11\/finnraccoon-1024x768.jpg\" class=\"ooc-hidden\" alt=\"\" \/><\/a>\n\t\t\n          <a href=\"https:\/\/turkiskasvattajat.fi\/wp-content\/uploads\/2019\/01\/181910_esk_0623_1.jpg\" target=\"_blank\" class=\"ooc-press-image-item\" style=\"background-image: url('https:\/\/turkiskasvattajat.fi\/wp-content\/uploads\/2019\/01\/181910_esk_0623_1-1024x683.jpg');\"><img decoding=\"async\" src=\"https:\/\/turkiskasvattajat.fi\/wp-content\/uploads\/2019\/01\/181910_esk_0623_1-1024x683.jpg\" class=\"ooc-hidden\" alt=\"\" \/><\/a>\n\t\t\n          <a href=\"https:\/\/turkiskasvattajat.fi\/wp-content\/uploads\/2019\/01\/181910_esk_0236.jpg\" target=\"_blank\" class=\"ooc-press-image-item\" style=\"background-image: url('https:\/\/turkiskasvattajat.fi\/wp-content\/uploads\/2019\/01\/181910_esk_0236-1024x683.jpg');\"><img decoding=\"async\" src=\"https:\/\/turkiskasvattajat.fi\/wp-content\/uploads\/2019\/01\/181910_esk_0236-1024x683.jpg\" class=\"ooc-hidden\" alt=\"\" \/><\/a>\n\t\t\n          <a href=\"https:\/\/turkiskasvattajat.fi\/wp-content\/uploads\/2019\/01\/181809_esk_0599.jpg\" target=\"_blank\" class=\"ooc-press-image-item\" style=\"background-image: url('https:\/\/turkiskasvattajat.fi\/wp-content\/uploads\/2019\/01\/181809_esk_0599-1024x683.jpg');\"><img decoding=\"async\" src=\"https:\/\/turkiskasvattajat.fi\/wp-content\/uploads\/2019\/01\/181809_esk_0599-1024x683.jpg\" class=\"ooc-hidden\" alt=\"\" \/><\/a>\n\t\t\n          <a href=\"https:\/\/turkiskasvattajat.fi\/wp-content\/uploads\/2019\/01\/181809_esk_0563.jpg\" target=\"_blank\" class=\"ooc-press-image-item\" style=\"background-image: url('https:\/\/turkiskasvattajat.fi\/wp-content\/uploads\/2019\/01\/181809_esk_0563-1024x683.jpg');\"><img decoding=\"async\" src=\"https:\/\/turkiskasvattajat.fi\/wp-content\/uploads\/2019\/01\/181809_esk_0563-1024x683.jpg\" class=\"ooc-hidden\" alt=\"\" \/><\/a>\n\t\t\n          <a href=\"https:\/\/turkiskasvattajat.fi\/wp-content\/uploads\/2019\/01\/181809_esk_0024.jpg\" target=\"_blank\" class=\"ooc-press-image-item\" style=\"background-image: url('https:\/\/turkiskasvattajat.fi\/wp-content\/uploads\/2019\/01\/181809_esk_0024-1024x683.jpg');\"><img decoding=\"async\" src=\"https:\/\/turkiskasvattajat.fi\/wp-content\/uploads\/2019\/01\/181809_esk_0024-1024x683.jpg\" class=\"ooc-hidden\" alt=\"\" \/><\/a>\n\t\t\n          <a href=\"https:\/\/turkiskasvattajat.fi\/wp-content\/uploads\/2019\/01\/180210_esk_0365_1.jpg\" target=\"_blank\" class=\"ooc-press-image-item\" style=\"background-image: url('https:\/\/turkiskasvattajat.fi\/wp-content\/uploads\/2019\/01\/180210_esk_0365_1-1024x683.jpg');\"><img decoding=\"async\" src=\"https:\/\/turkiskasvattajat.fi\/wp-content\/uploads\/2019\/01\/180210_esk_0365_1-1024x683.jpg\" class=\"ooc-hidden\" alt=\"\" \/><\/a>\n\t\t\n          <a href=\"https:\/\/turkiskasvattajat.fi\/wp-content\/uploads\/2019\/01\/180210_esk_0333.jpg\" target=\"_blank\" class=\"ooc-press-image-item\" style=\"background-image: url('https:\/\/turkiskasvattajat.fi\/wp-content\/uploads\/2019\/01\/180210_esk_0333-1024x683.jpg');\"><img decoding=\"async\" src=\"https:\/\/turkiskasvattajat.fi\/wp-content\/uploads\/2019\/01\/180210_esk_0333-1024x683.jpg\" class=\"ooc-hidden\" alt=\"\" \/><\/a>\n\t\t\n          <a href=\"https:\/\/turkiskasvattajat.fi\/wp-content\/uploads\/2019\/01\/180210_esk_0287.jpg\" target=\"_blank\" class=\"ooc-press-image-item\" style=\"background-image: url('https:\/\/turkiskasvattajat.fi\/wp-content\/uploads\/2019\/01\/180210_esk_0287-1024x683.jpg');\"><img decoding=\"async\" src=\"https:\/\/turkiskasvattajat.fi\/wp-content\/uploads\/2019\/01\/180210_esk_0287-1024x683.jpg\" class=\"ooc-hidden\" alt=\"\" \/><\/a>\n\t\t\n          <a href=\"https:\/\/turkiskasvattajat.fi\/wp-content\/uploads\/2019\/01\/180210_esk_0243.jpg\" target=\"_blank\" class=\"ooc-press-image-item\" style=\"background-image: url('https:\/\/turkiskasvattajat.fi\/wp-content\/uploads\/2019\/01\/180210_esk_0243-1024x683.jpg');\"><img decoding=\"async\" src=\"https:\/\/turkiskasvattajat.fi\/wp-content\/uploads\/2019\/01\/180210_esk_0243-1024x683.jpg\" class=\"ooc-hidden\" alt=\"\" \/><\/a>\n\t\t\n\t\n  <\/div>\n\t\n\t\n<\/div>\n\n[\/vc_column_text][\/vc_column][\/vc_row][vc_row][vc_column][vc_column_text]\n\n\n\n<div class=\"ooc-pages-slider-wrapper\">\n<div class=\"ooc-title-and-controls\">\n  <h2 class=\"title\">Bekanta dig med v\u00e5ra aktuella \u00e4mnen<\/h2>\n  <div class=\"ooc-pages-slider-controls\">\n    <button type=\"button\" class=\"slider-prev\"><\/button><button type=\"button\" class=\"slider-next\"><\/button>\n  <\/div>\n  <\/div>\n\t\n   <div class=\"ooc-pages-slider-slides\">\n\t\n\t\t\n          <a href=\"https:\/\/turkiskasvattajat.fi\/sv\/visste-du\/\" class=\"ooc-pages-slider-item\" style=\"background-image: url(https:\/\/turkiskasvattajat.fi\/wp-content\/uploads\/2019\/01\/180210_esk_0333-wpcf_400x267.jpg)\">\n            <img decoding=\"async\" src=\"https:\/\/turkiskasvattajat.fi\/wp-content\/uploads\/2019\/01\/180210_esk_0333-wpcf_400x267.jpg\" alt=\"Visste du? | Fakta talar f\u00f6r sig sj\u00e4lvt \" class=\"ooc-hidden\" \/>\n            <div class=\"text\">\n              <h2><strong>Fakta talar f\u00f6r sig sj\u00e4lvt<\/strong>\n                <\/h2><\/div>\n          <\/a>\n\t\t\n          <a href=\"https:\/\/turkiskasvattajat.fi\/sv\/videoarkivet\/\" class=\"ooc-pages-slider-item\" style=\"background-image: url(https:\/\/turkiskasvattajat.fi\/wp-content\/uploads\/2019\/01\/header-videoarkiv-wpcf_400x225.jpg)\">\n            <img decoding=\"async\" src=\"https:\/\/turkiskasvattajat.fi\/wp-content\/uploads\/2019\/01\/header-videoarkiv-wpcf_400x225.jpg\" alt=\"Videoarkivet | P\u00e4lsn\u00e4ringen \u00e4r i goda h\u00e4nder \u00e4ven i framtiden\" class=\"ooc-hidden\" \/>\n            <div class=\"text\">\n              <h2><strong>P\u00e4lsn\u00e4ringen \u00e4r i goda h\u00e4nder<\/strong>\n                <br \/>\u00e4ven i framtiden<\/h2><\/div>\n          <\/a>\n\t\t\n          <a href=\"https:\/\/turkiskasvattajat.fi\/sv\/till-media\/\" class=\"ooc-pages-slider-item\" style=\"background-image: url(https:\/\/turkiskasvattajat.fi\/wp-content\/uploads\/2019\/01\/header-medialle-wpcf_400x225.jpg)\">\n            <img decoding=\"async\" src=\"https:\/\/turkiskasvattajat.fi\/wp-content\/uploads\/2019\/01\/header-medialle-wpcf_400x225.jpg\" alt=\"Till media | Mer \u00e4n tusen ord \" class=\"ooc-hidden\" \/>\n            <div class=\"text\">\n              <h2><strong>Mer \u00e4n tusen ord<\/strong>\n                <\/h2><\/div>\n          <\/a>\n\t\t\n          <a href=\"https:\/\/turkiskasvattajat.fi\/sv\/\" class=\"ooc-pages-slider-item\" style=\"background-image: url(https:\/\/turkiskasvattajat.fi\/wp-content\/uploads\/2018\/11\/headerbild-wpcf_400x225.jpg)\">\n            <img decoding=\"async\" src=\"https:\/\/turkiskasvattajat.fi\/wp-content\/uploads\/2018\/11\/headerbild-wpcf_400x225.jpg\" alt=\"Start | Fr\u00e5n generation till generation \u2013 s\u00e5som det alltid varit\" class=\"ooc-hidden\" \/>\n            <div class=\"text\">\n              <h2><strong>Fr\u00e5n generation till generation<\/strong>\n                <br \/>\u2013 s\u00e5som det alltid varit<\/h2><\/div>\n          <\/a>\n\t\t\n          <a href=\"https:\/\/turkiskasvattajat.fi\/sv\/palsen\/\" class=\"ooc-pages-slider-item\" style=\"background-image: url(https:\/\/turkiskasvattajat.fi\/wp-content\/uploads\/2018\/12\/palsen-header-wpcf_400x225.jpg)\">\n            <img decoding=\"async\" src=\"https:\/\/turkiskasvattajat.fi\/wp-content\/uploads\/2018\/12\/palsen-header-wpcf_400x225.jpg\" alt=\"P\u00e4lsen | En inhemsk p\u00e4ls \u00e4r ett p\u00e5litligt plagg \" class=\"ooc-hidden\" \/>\n            <div class=\"text\">\n              <h2><strong>En inhemsk p\u00e4ls \u00e4r ett p\u00e5litligt plagg<\/strong>\n                <\/h2><\/div>\n          <\/a>\n\t\t\n          <a href=\"https:\/\/turkiskasvattajat.fi\/sv\/naringen\/\" class=\"ooc-pages-slider-item\" style=\"background-image: url(https:\/\/turkiskasvattajat.fi\/wp-content\/uploads\/2019\/01\/181809_esk_0599-wpcf_400x267.jpg)\">\n            <img decoding=\"async\" src=\"https:\/\/turkiskasvattajat.fi\/wp-content\/uploads\/2019\/01\/181809_esk_0599-wpcf_400x267.jpg\" alt=\"N\u00e4ringen | Livskraft, livskvalitet och en bra vardag\" class=\"ooc-hidden\" \/>\n            <div class=\"text\">\n              <h2><strong>Livskraft, livskvalitet<\/strong>\n                <br \/>och en bra vardag<\/h2><\/div>\n          <\/a>\n\t\t\n          <a href=\"https:\/\/turkiskasvattajat.fi\/sv\/kontakt\/\" class=\"ooc-pages-slider-item\" style=\"background-image: url(https:\/\/turkiskasvattajat.fi\/wp-content\/uploads\/2019\/01\/header-kontakt-wpcf_400x225.png)\">\n            <img decoding=\"async\" src=\"https:\/\/turkiskasvattajat.fi\/wp-content\/uploads\/2019\/01\/header-kontakt-wpcf_400x225.png\" alt=\"Kontakt | Vi uppskattar att du h\u00f6r av dig \" class=\"ooc-hidden\" \/>\n            <div class=\"text\">\n              <h2><strong>Vi uppskattar att du h\u00f6r av dig<\/strong>\n                <\/h2><\/div>\n          <\/a>\n\t\t\n          <a href=\"https:\/\/turkiskasvattajat.fi\/sv\/foretagaren\/\" class=\"ooc-pages-slider-item\" style=\"background-image: url(https:\/\/turkiskasvattajat.fi\/wp-content\/uploads\/2018\/12\/header-foretagaren-wpcf_400x225.jpg)\">\n            <img decoding=\"async\" src=\"https:\/\/turkiskasvattajat.fi\/wp-content\/uploads\/2018\/12\/header-foretagaren-wpcf_400x225.jpg\" alt=\"F\u00f6retagaren | Del av en l\u00e5ng generationskedja \" class=\"ooc-hidden\" \/>\n            <div class=\"text\">\n              <h2><strong>Del av en l\u00e5ng generationskedja<\/strong>\n                <\/h2><\/div>\n          <\/a>\n\t\t\n          <a href=\"https:\/\/turkiskasvattajat.fi\/sv\/farmen\/\" class=\"ooc-pages-slider-item\" style=\"background-image: url(https:\/\/turkiskasvattajat.fi\/wp-content\/uploads\/2018\/12\/header-farmen-wpcf_400x225.jpg)\">\n            <img decoding=\"async\" src=\"https:\/\/turkiskasvattajat.fi\/wp-content\/uploads\/2018\/12\/header-farmen-wpcf_400x225.jpg\" alt=\"Farmen | P\u00e4lsdjurens v\u00e4lm\u00e5ende \u00e4r en hj\u00e4rtesak f\u00f6r oss\" class=\"ooc-hidden\" \/>\n            <div class=\"text\">\n              <h2><strong>P\u00e4lsdjurens v\u00e4lm\u00e5ende<\/strong>\n                <br \/>\u00e4r en hj\u00e4rtesak f\u00f6r oss<\/h2><\/div>\n          <\/a>\n\t\t\n          <a href=\"https:\/\/turkiskasvattajat.fi\/sv\/faq\/\" class=\"ooc-pages-slider-item\" style=\"background-image: url(https:\/\/turkiskasvattajat.fi\/wp-content\/uploads\/2019\/01\/faq-header-wpcf_400x225.png)\">\n            <img decoding=\"async\" src=\"https:\/\/turkiskasvattajat.fi\/wp-content\/uploads\/2019\/01\/faq-header-wpcf_400x225.png\" alt=\"FAQ | Fr\u00e5ga hellre - gissa inte. \" class=\"ooc-hidden\" \/>\n            <div class=\"text\">\n              <h2><strong>Fr\u00e5ga hellre - gissa inte.<\/strong>\n                <\/h2><\/div>\n          <\/a>\n\t\t\n          <a href=\"https:\/\/turkiskasvattajat.fi\/sv\/dataskyddsbeskrivning\/\" class=\"ooc-pages-slider-item\" style=\"background-image: url(https:\/\/turkiskasvattajat.fi\/wp-content\/uploads\/2019\/01\/header-kontakt-wpcf_400x225.png)\">\n            <img decoding=\"async\" src=\"https:\/\/turkiskasvattajat.fi\/wp-content\/uploads\/2019\/01\/header-kontakt-wpcf_400x225.png\" alt=\"Dataskyddsbeskrivning | Vi uppskattar att du h\u00f6r av dig \" class=\"ooc-hidden\" \/>\n            <div class=\"text\">\n              <h2><strong>Vi uppskattar att du h\u00f6r av dig<\/strong>\n                <\/h2><\/div>\n          <\/a>\n\t\t\n          <a href=\"https:\/\/turkiskasvattajat.fi\/sv\/aktuellt\/\" class=\"ooc-pages-slider-item\" style=\"background-image: url(https:\/\/turkiskasvattajat.fi\/wp-content\/uploads\/2019\/01\/header-ajankohtaista-wpcf_400x213.png)\">\n            <img decoding=\"async\" src=\"https:\/\/turkiskasvattajat.fi\/wp-content\/uploads\/2019\/01\/header-ajankohtaista-wpcf_400x213.png\" alt=\"Aktuellt | Senaste nytt inom p\u00e4lsbranschen \" class=\"ooc-hidden\" \/>\n            <div class=\"text\">\n              <h2><strong>Senaste nytt inom p\u00e4lsbranschen<\/strong>\n                <\/h2><\/div>\n          <\/a>\n\t\t\n\t\n  <\/div>\n\t\n                                              \n\t\n<\/div>\n\n[\/vc_column_text][\/vc_column][\/vc_row][\/vc_section]<\/p>\n<\/div>","protected":false},"excerpt":{"rendered":"<p>[vc_section full_width=&#8221;stretch_row_content&#8221; full_height=&#8221;yes&#8221; content_placement=&#8221;bottom&#8221; css=&#8221;.vc_custom_1548761264255{background-image: url(https:\/\/turkiskasvattajat.fi\/wp-content\/uploads\/2019\/01\/header-videoarkiv.jpg?id=615) !important;background-position: center !important;background-repeat: no-repeat !important;background-size: cover !important;}&#8221; el_class=&#8221;ooc-hero&#8221;][vc_row][vc_column][vc_column_text css_animation=&#8221;none&#8221; el_class=&#8221;ooc-header-textblock&#8221;] P\u00e4lsn\u00e4ringen \u00e4r i goda h\u00e4nder \u00e4ven i framtiden [\/vc_column_text][\/vc_column][\/vc_row][vc_row][vc_column][vc_raw_html]JTNDYSUyMGhyZWYlM0QlMjIlMjMlMjElMkZzY3JvbGwlMjIlMjBjbGFzcyUzRCUyMm9vYy1zY3JvbGwtaWNvbiUyMGFuY2hvci1saW5rJTIyJTNFJTNDJTJGYSUzRQ==[\/vc_raw_html][\/vc_column][\/vc_row][\/vc_section][vc_section css=&#8221;.vc_custom_1548253839011{padding-top: 120px !important;padding-bottom: 120px !important;}&#8221;][\/vc_section][vc_section][vc_row][vc_column][vc_column_text] Fotoarkivet &nbsp; H\u00e4r kan du finna foton om p\u00e4lsdjursuppf\u00f6dares vardag. [\/vc_column_text][vc_column_text] [\/vc_column_text][\/vc_column][\/vc_row][vc_row][vc_column][vc_column_text] Bekanta dig med v\u00e5ra aktuella \u00e4mnen Fakta talar f\u00f6r sig sj\u00e4lvt P\u00e4lsn\u00e4ringen \u00e4r&hellip;<\/p>\n","protected":false},"author":2,"featured_media":0,"parent":0,"menu_order":0,"comment_status":"closed","ping_status":"closed","template":"","meta":{"footnotes":""},"class_list":["post-1210","page","type-page","status-publish","hentry","description-off"],"_links":{"self":[{"href":"https:\/\/turkiskasvattajat.fi\/sv\/wp-json\/wp\/v2\/pages\/1210","targetHints":{"allow":["GET"]}}],"collection":[{"href":"https:\/\/turkiskasvattajat.fi\/sv\/wp-json\/wp\/v2\/pages"}],"about":[{"href":"https:\/\/turkiskasvattajat.fi\/sv\/wp-json\/wp\/v2\/types\/page"}],"author":[{"embeddable":true,"href":"https:\/\/turkiskasvattajat.fi\/sv\/wp-json\/wp\/v2\/users\/2"}],"replies":[{"embeddable":true,"href":"https:\/\/turkiskasvattajat.fi\/sv\/wp-json\/wp\/v2\/comments?post=1210"}],"version-history":[{"count":2,"href":"https:\/\/turkiskasvattajat.fi\/sv\/wp-json\/wp\/v2\/pages\/1210\/revisions"}],"predecessor-version":[{"id":1228,"href":"https:\/\/turkiskasvattajat.fi\/sv\/wp-json\/wp\/v2\/pages\/1210\/revisions\/1228"}],"wp:attachment":[{"href":"https:\/\/turkiskasvattajat.fi\/sv\/wp-json\/wp\/v2\/media?parent=1210"}],"curies":[{"name":"wp","href":"https:\/\/api.w.org\/{rel}","templated":true}]}}