{"id":646,"date":"2018-12-24T03:41:41","date_gmt":"2018-12-24T01:41:41","guid":{"rendered":"https:\/\/turkis.dev.wikstrommedia.fi\/yrittaja\/"},"modified":"2019-03-12T10:43:05","modified_gmt":"2019-03-12T08:43:05","slug":"foretagaren","status":"publish","type":"page","link":"https:\/\/turkiskasvattajat.fi\/sv\/foretagaren\/","title":{"rendered":"F\u00f6retagaren"},"content":{"rendered":"<div class=\"wpb-content-wrapper\"><p>[vc_section full_width=&#8221;stretch_row_content&#8221; full_height=&#8221;yes&#8221; content_placement=&#8221;bottom&#8221; css=&#8221;.vc_custom_1545615629787{background-image: url(https:\/\/turkiskasvattajat.fi\/wp-content\/uploads\/2018\/12\/header-foretagaren.jpg?id=356) !important;background-position: center !important;background-repeat: no-repeat !important;background-size: cover !important;}&#8221; el_class=&#8221;ooc-hero&#8221;][vc_row][vc_column][vc_column_text css_animation=&#8221;none&#8221; el_class=&#8221;ooc-header-textblock&#8221;]<\/p>\n<h2 class=\"large\" style=\"text-align: center;\"><strong>Del av en l\u00e5ng generationskedja<\/strong><\/h2>\n<p>[\/vc_column_text][\/vc_column][\/vc_row][vc_row][vc_column][vc_raw_html]JTNDYSUyMGhyZWYlM0QlMjIlMjMlMjElMkZzY3JvbGwlMjIlMjBjbGFzcyUzRCUyMm9vYy1zY3JvbGwtaWNvbiUyMGFuY2hvci1saW5rJTIyJTNFJTNDJTJGYSUzRQ==[\/vc_raw_html][\/vc_column][\/vc_row][\/vc_section][vc_section css=&#8221;.vc_custom_1548248305823{padding-top: 120px !important;padding-bottom: 120px !important;}&#8221; el_id=&#8221;scroll&#8221;][vc_row el_class=&#8221;ooc-narrow-width&#8221;][vc_column][vc_column_text]<\/p>\n<h2 class=\"ooc-small-header\">F\u00f6retagaren<\/h2>\n<h2 class=\"ooc-divider\">Transparent familjef\u00f6retagande<\/h2>\n<p>[\/vc_column_text][vc_column_text el_class=&#8221;columnize&#8221;]P\u00e5 landet \u00e4r det gott att leva f\u00f6r en p\u00e4lsdjursuppf\u00f6dare! Jag har aldrig ens funderat p\u00e5 att flytta. Jag njuter av de tidiga morgonstunderna \u2013 daggen f\u00f6rsvinner i takt med att solen stiger och p\u00e4lsfarmen vaknar lugnt till en ny dag. Mitt liv \u00e4r h\u00e4r. Jag f\u00e5r utf\u00f6ra ett bra jobb som ger levebr\u00f6d till v\u00e5r familj. Jag forts\u00e4tter jobba p\u00e5 den farm som min farfar grundade. Att f\u00f6rvalta det v\u00e4rdefulla arvet k\u00e4nns viktigt.<\/p>\n<p>Jag \u00e4r del av en generationskedja och skattar mig lycklig som inte har beh\u00f6vt flytta bort from mina barndomstrakter f\u00f6r att hitta arbete. Jag hoppas att ocks\u00e5 familjens barn ska intressera sig f\u00f6r uppf\u00f6dning och vilja forts\u00e4tta mitt arbete. De f\u00f6ljer redan nu mitt arbete p\u00e5 n\u00e4ra h\u00e5ll och har garanterad sommarjobbsplats till alla somrar. De lite yngre barnen kan hj\u00e4lpa till med l\u00e4tta arbeten, beroende p\u00e5 \u00e5lder och intresse. P\u00e4lsdjursuppf\u00f6dning \u00e4r familjef\u00f6retagande n\u00e4r det \u00e4r som b\u00e4st.[\/vc_column_text][\/vc_column][\/vc_row][\/vc_section][vc_section full_width=&#8221;stretch_row&#8221; parallax=&#8221;content-moving&#8221; css=&#8221;.vc_custom_1548771942154{padding-top: 120px !important;padding-bottom: 120px !important;background-image: url(https:\/\/turkiskasvattajat.fi\/wp-content\/uploads\/2019\/01\/fakta-img.jpg?id=488) !important;background-position: center !important;background-repeat: no-repeat !important;background-size: cover !important;}&#8221;][vc_row el_class=&#8221;ooc-narrow-width&#8221;][vc_column width=&#8221;1\/2&#8243;][vc_single_image image=&#8221;875&#8243; img_size=&#8221;medium&#8221; image_hovers=&#8221;false&#8221;][\/vc_column][vc_column width=&#8221;1\/2&#8243;][vc_column_text el_class=&#8221;white&#8221;]Visste du att p\u00e4lsbranschens r\u00f6tter ligger djupt i det finl\u00e4ndska samh\u00e4llet? Matti Waris fr\u00e5n Kexholm b\u00f6rjade 1916 f\u00f6rs\u00f6rja sin familj genom att f\u00f6da upp r\u00e4var, och han blev d\u00e4rmed den f\u00f6rsta r\u00e4vuppf\u00f6daren i Finland. Behovet av kvalitativa p\u00e4lsar var s\u00e5 stort att branschen b\u00f6rjade utvecklas.<\/p>\n<p><a class=\"ooc-button white\" href=\"\/sv\/visste-du\/\">L\u00e4s fler fakta<\/a>[\/vc_column_text][\/vc_column][\/vc_row][\/vc_section][vc_section css=&#8221;.vc_custom_1548249494620{padding-top: 120px !important;padding-bottom: 120px !important;}&#8221;][vc_row][vc_column width=&#8221;1\/2&#8243;][vc_column_text]<\/p>\n<h2 class=\"ooc-small-header\">I djurens egen takt<\/h2>\n<h2 class=\"ooc-divider\">Djuren best\u00e4mmer takten, inte klockans visare<\/h2>\n<p>Egentligen beh\u00f6ver vi varken klocka eller kalender eftersom vi inte har n\u00e5gra 8-16-arbetsdagar. Djuren ska sk\u00f6tas p\u00e5 \u00e5rets alla dagar \u2013 ocks\u00e5 p\u00e5 r\u00f6da dagar \u2013 i deras egen takt. Arbetsdagen tar slut f\u00f6rst n\u00e4r farmens alla arbeten \u00e4r f\u00e4rdig. Vissa tider p\u00e5 \u00e5ret \u00e4r mer br\u00e5da, och d\u00e5 jobbar vi fr\u00e5n tidig morgon till sen kv\u00e4ll, och d\u00e5 igen \u00e4r andra tider aningen lugnare.<\/p>\n<p>Erfarenhet och kunskap \u00f6verf\u00f6rs fr\u00e5n en generation till n\u00e4sta. Jag visste redan tidigt att jag ville forts\u00e4tta det arbete som min pappa och farfar hade p\u00e5b\u00f6rjat. I b\u00f6rjan var det de som l\u00e4rde mig, senare har jag ocks\u00e5 skolat mig inom omr\u00e5det. Trots att p\u00e4lsdjursuppf\u00f6dning har l\u00e5nga anor s\u00e5 utvecklas branschen kraftigt hela tiden. F\u00f6rr utfodrades djuren f\u00f6r hand \u2013 man gick med foderk\u00e4rra genom skugghusen och portionerade ut maten direkt till djuren. Vattenkopparna fylldes ocks\u00e5 f\u00f6r hand med vattenslang. Idag \u00e4r de h\u00e4r arbetena l\u00e4ttare tack vare fodertrucken och djurens dryckesautomater. Trots det \u00e4r arbetet forts\u00e4ttningsvis fysiskt kr\u00e4vande.[\/vc_column_text][\/vc_column][vc_column width=&#8221;1\/2&#8243;][vc_single_image image=&#8221;491&#8243; img_size=&#8221;full&#8221; alignment=&#8221;center&#8221; image_hovers=&#8221;false&#8221;][\/vc_column][\/vc_row][\/vc_section][vc_section full_width=&#8221;stretch_row&#8221; css=&#8221;.vc_custom_1548248657835{padding-top: 120px !important;padding-bottom: 120px !important;background-color: #82787d !important;}&#8221;][vc_row el_class=&#8221;ooc-narrow-width&#8221;][vc_column width=&#8221;1\/3&#8243;][vc_column_text]<\/p>\n<h1 class=\"ooc-small-header black\" style=\"color: white;\">P\u00c4LSFARM<\/h1>\n<h2 style=\"text-align: center; font-size: 2.9em; color: white; font-weight: 400; line-height: 70px;\"><strong>En sak<br \/>\nf\u00f6r\u00e4ndras aldrig<\/strong><\/h2>\n<p>[\/vc_column_text][\/vc_column][vc_column width=&#8221;2\/3&#8243;][vc_column_text el_class=&#8221;white&#8221;]<\/p>\n<h3>Det finns en sak som inte har f\u00f6r\u00e4ndrats \u00f6ver tid \u2013 arbetets h\u00f6rnsten \u00e4r fortfarande djurens v\u00e4lm\u00e5ende. Utan det har vi ingenting! Djuren behandlas med respekt och varsamhet.<\/h3>\n<p>[\/vc_column_text][\/vc_column][\/vc_row][\/vc_section][vc_section css=&#8221;.vc_custom_1548248752457{padding-top: 120px !important;padding-bottom: 120px !important;}&#8221;][vc_row el_class=&#8221;ooc-narrow-width&#8221;][vc_column][vc_single_image image=&#8221;494&#8243; img_size=&#8221;full&#8221; alignment=&#8221;center&#8221; image_hovers=&#8221;false&#8221;][vc_column_text]<\/p>\n<h2 class=\"ooc-divider\" style=\"text-align: center;\">N\u00e4ra naturen i djurens s\u00e4llskap<\/h2>\n<p>[\/vc_column_text][vc_column_text el_class=&#8221;columnize&#8221;]Det som motiverar mig mest i mitt arbete \u00e4r friheten. Naturligtvis \u00e4r f\u00f6retagarens vardag ocks\u00e5 b\u00e5de kr\u00e4vande och utmanande. Verksamheten m\u00e5ste f\u00f6lja m\u00e5nga lagar och f\u00f6rordningar vars syfte \u00e4r att skydda djurens v\u00e4lm\u00e5ende och kvalit\u00e9n p\u00e5 verksamheten. P\u00e4lsn\u00e4ringen i Finland \u00e4r strikt reglerad.<\/p>\n<p>Branschen \u00e4r dessutom mycket konjunkturk\u00e4nslig och som f\u00f6retagare m\u00e5ste man v\u00e4nja sig vid v\u00e4xlingarna. P\u00e4lsdjursfarmens arbete v\u00e4rderas p\u00e5 p\u00e4lsauktion fyra g\u00e5nger per \u00e5r. D\u00e5 best\u00e4mmer k\u00f6parna skinnens pris och en del av det utg\u00f6r uppf\u00f6darens l\u00f6n. Under tiden f\u00f6r uppf\u00f6dningen \u00e4r utgifterna stora och den ekonomiska ers\u00e4ttningen kommer f\u00f6r m\u00e5nga l\u00e5ngt senare.<\/p>\n<p>Jag trivs n\u00e4r jag f\u00e5r jobba utomhus n\u00e4ra naturen i djurens s\u00e4llskap. Det \u00e4r ett privilegium att f\u00e5 bygga och utveckla sitt eget f\u00f6retag. Mitt jobb \u00e4r h\u00e4r och jag beh\u00f6ver inte flytta bort fr\u00e5n min f\u00f6delseort f\u00f6r att hitta arbete. Jag kan sk\u00f6ta arbetet sj\u00e4lvst\u00e4ndigt. Avelsarbetet \u00e4r det mest intressanta \u2013 jag f\u00e5r f\u00f6lja utvecklingen, fodrets p\u00e5verkan och djurens v\u00e4lm\u00e5ende. Jag v\u00e4ljer sen ut de b\u00e4sta avelsdjuren, vars valpar blir friskast och f\u00e5r b\u00e4st p\u00e4lskvalit\u00e9. Det finns anledning att vara stolt n\u00e4r man vet att djuren \u00e4r friska, farmen \u00e4r i skick och p\u00e4lsen \u00e4r av h\u00f6g kvalit\u00e9.<br \/>\n[\/vc_column_text][\/vc_column][\/vc_row][\/vc_section][vc_section full_width=&#8221;stretch_row&#8221; css=&#8221;.vc_custom_1548249009427{padding-top: 120px !important;padding-bottom: 120px !important;background-color: #f4f4f4 !important;}&#8221;][vc_row el_class=&#8221;ooc-narrow-width&#8221;][vc_column][vc_column_text]<\/p>\n<h2 style=\"text-align: center;\">Intresserar ett arbete med p\u00e4lsdjur?<\/h2>\n<p>&nbsp;<\/p>\n<p style=\"text-align: center;\">Branschens utbildning \u00e4r koncentrerad till \u00d6sterbotten, verksamhetens k\u00e4rnomr\u00e5de. Utbildningen erbjuds p\u00e5 b\u00e5da inhemska spr\u00e5ken till b\u00e5de nyb\u00f6rjare och mer erfarna p\u00e4lsdjursuppf\u00f6dare. Keski-Pohjanmaan maaseutuopistos enhet i Kannus \u00e4r den enda skolan i Europa som erbjuder grundutbildning i p\u00e4lsdjursuppf\u00f6dning till intresserade ungdomar. Det \u00e4r ocks\u00e5 m\u00f6jligt att utbilda sig via l\u00e4roavtal. Utbildningen \u201dSpecialyrkesexamen f\u00f6r farmarm\u00e4stare\u201d p\u00e5 20 studieveckor \u00e4r \u00e4mnad f\u00f6r mer erfarna uppf\u00f6dare. Olika specialutbildningar ges ocks\u00e5 i form av kurser.<\/p>\n<p style=\"text-align: center;\"><a class=\"ooc-button\" href=\"http:\/\/www.kpedu.fi\/\" target=\"_blank\" rel=\"noopener\">L\u00e4s mer<\/a><\/p>\n<p>[\/vc_column_text][\/vc_column][\/vc_row][\/vc_section][vc_section][vc_row][vc_column][vc_column_text]\n\n\n\n<div class=\"ooc-pages-slider-wrapper\">\n<div class=\"ooc-title-and-controls\">\n  <h2 class=\"title\">Bekanta dig med v\u00e5ra aktuella \u00e4mnen<\/h2>\n  <div class=\"ooc-pages-slider-controls\">\n    <button type=\"button\" class=\"slider-prev\"><\/button><button type=\"button\" class=\"slider-next\"><\/button>\n  <\/div>\n  <\/div>\n\t\n   <div class=\"ooc-pages-slider-slides\">\n\t\n\t\t\n          <a href=\"https:\/\/turkiskasvattajat.fi\/sv\/visste-du\/\" class=\"ooc-pages-slider-item\" style=\"background-image: url(https:\/\/turkiskasvattajat.fi\/wp-content\/uploads\/2019\/01\/180210_esk_0333-wpcf_400x267.jpg)\">\n            <img decoding=\"async\" src=\"https:\/\/turkiskasvattajat.fi\/wp-content\/uploads\/2019\/01\/180210_esk_0333-wpcf_400x267.jpg\" alt=\"Visste du? | Fakta talar f\u00f6r sig sj\u00e4lvt \" class=\"ooc-hidden\" \/>\n            <div class=\"text\">\n              <h2><strong>Fakta talar f\u00f6r sig sj\u00e4lvt<\/strong>\n                <\/h2><\/div>\n          <\/a>\n\t\t\n          <a href=\"https:\/\/turkiskasvattajat.fi\/sv\/videoarkivet\/\" class=\"ooc-pages-slider-item\" style=\"background-image: url(https:\/\/turkiskasvattajat.fi\/wp-content\/uploads\/2019\/01\/header-videoarkiv-wpcf_400x225.jpg)\">\n            <img decoding=\"async\" src=\"https:\/\/turkiskasvattajat.fi\/wp-content\/uploads\/2019\/01\/header-videoarkiv-wpcf_400x225.jpg\" alt=\"Videoarkivet | P\u00e4lsn\u00e4ringen \u00e4r i goda h\u00e4nder \u00e4ven i framtiden\" class=\"ooc-hidden\" \/>\n            <div class=\"text\">\n              <h2><strong>P\u00e4lsn\u00e4ringen \u00e4r i goda h\u00e4nder<\/strong>\n                <br \/>\u00e4ven i framtiden<\/h2><\/div>\n          <\/a>\n\t\t\n          <a href=\"https:\/\/turkiskasvattajat.fi\/sv\/till-media\/\" class=\"ooc-pages-slider-item\" style=\"background-image: url(https:\/\/turkiskasvattajat.fi\/wp-content\/uploads\/2019\/01\/header-medialle-wpcf_400x225.jpg)\">\n            <img decoding=\"async\" src=\"https:\/\/turkiskasvattajat.fi\/wp-content\/uploads\/2019\/01\/header-medialle-wpcf_400x225.jpg\" alt=\"Till media | Mer \u00e4n tusen ord \" class=\"ooc-hidden\" \/>\n            <div class=\"text\">\n              <h2><strong>Mer \u00e4n tusen ord<\/strong>\n                <\/h2><\/div>\n          <\/a>\n\t\t\n          <a href=\"https:\/\/turkiskasvattajat.fi\/sv\/\" class=\"ooc-pages-slider-item\" style=\"background-image: url(https:\/\/turkiskasvattajat.fi\/wp-content\/uploads\/2018\/11\/headerbild-wpcf_400x225.jpg)\">\n            <img decoding=\"async\" src=\"https:\/\/turkiskasvattajat.fi\/wp-content\/uploads\/2018\/11\/headerbild-wpcf_400x225.jpg\" alt=\"Start | Fr\u00e5n generation till generation \u2013 s\u00e5som det alltid varit\" class=\"ooc-hidden\" \/>\n            <div class=\"text\">\n              <h2><strong>Fr\u00e5n generation till generation<\/strong>\n                <br \/>\u2013 s\u00e5som det alltid varit<\/h2><\/div>\n          <\/a>\n\t\t\n          <a href=\"https:\/\/turkiskasvattajat.fi\/sv\/palsen\/\" class=\"ooc-pages-slider-item\" style=\"background-image: url(https:\/\/turkiskasvattajat.fi\/wp-content\/uploads\/2018\/12\/palsen-header-wpcf_400x225.jpg)\">\n            <img decoding=\"async\" src=\"https:\/\/turkiskasvattajat.fi\/wp-content\/uploads\/2018\/12\/palsen-header-wpcf_400x225.jpg\" alt=\"P\u00e4lsen | En inhemsk p\u00e4ls \u00e4r ett p\u00e5litligt plagg \" class=\"ooc-hidden\" \/>\n            <div class=\"text\">\n              <h2><strong>En inhemsk p\u00e4ls \u00e4r ett p\u00e5litligt plagg<\/strong>\n                <\/h2><\/div>\n          <\/a>\n\t\t\n          <a href=\"https:\/\/turkiskasvattajat.fi\/sv\/naringen\/\" class=\"ooc-pages-slider-item\" style=\"background-image: url(https:\/\/turkiskasvattajat.fi\/wp-content\/uploads\/2019\/01\/181809_esk_0599-wpcf_400x267.jpg)\">\n            <img decoding=\"async\" src=\"https:\/\/turkiskasvattajat.fi\/wp-content\/uploads\/2019\/01\/181809_esk_0599-wpcf_400x267.jpg\" alt=\"N\u00e4ringen | Livskraft, livskvalitet och en bra vardag\" class=\"ooc-hidden\" \/>\n            <div class=\"text\">\n              <h2><strong>Livskraft, livskvalitet<\/strong>\n                <br \/>och en bra vardag<\/h2><\/div>\n          <\/a>\n\t\t\n          <a href=\"https:\/\/turkiskasvattajat.fi\/sv\/kontakt\/\" class=\"ooc-pages-slider-item\" style=\"background-image: url(https:\/\/turkiskasvattajat.fi\/wp-content\/uploads\/2019\/01\/header-kontakt-wpcf_400x225.png)\">\n            <img decoding=\"async\" src=\"https:\/\/turkiskasvattajat.fi\/wp-content\/uploads\/2019\/01\/header-kontakt-wpcf_400x225.png\" alt=\"Kontakt | Vi uppskattar att du h\u00f6r av dig \" class=\"ooc-hidden\" \/>\n            <div class=\"text\">\n              <h2><strong>Vi uppskattar att du h\u00f6r av dig<\/strong>\n                <\/h2><\/div>\n          <\/a>\n\t\t\n          <a href=\"https:\/\/turkiskasvattajat.fi\/sv\/fotoarkivet\/\" class=\"ooc-pages-slider-item\" style=\"background-image: url(https:\/\/turkiskasvattajat.fi\/wp-content\/uploads\/2019\/01\/header-videoarkiv-wpcf_400x225.jpg)\">\n            <img decoding=\"async\" src=\"https:\/\/turkiskasvattajat.fi\/wp-content\/uploads\/2019\/01\/header-videoarkiv-wpcf_400x225.jpg\" alt=\"Fotoarkivet | P\u00e4lsn\u00e4ringen \u00e4r i goda h\u00e4nder \u00e4ven i framtiden\" class=\"ooc-hidden\" \/>\n            <div class=\"text\">\n              <h2><strong>P\u00e4lsn\u00e4ringen \u00e4r i goda h\u00e4nder<\/strong>\n                <br \/>\u00e4ven i framtiden<\/h2><\/div>\n          <\/a>\n\t\t\n          <a href=\"https:\/\/turkiskasvattajat.fi\/sv\/farmen\/\" class=\"ooc-pages-slider-item\" style=\"background-image: url(https:\/\/turkiskasvattajat.fi\/wp-content\/uploads\/2018\/12\/header-farmen-wpcf_400x225.jpg)\">\n            <img decoding=\"async\" src=\"https:\/\/turkiskasvattajat.fi\/wp-content\/uploads\/2018\/12\/header-farmen-wpcf_400x225.jpg\" alt=\"Farmen | P\u00e4lsdjurens v\u00e4lm\u00e5ende \u00e4r en hj\u00e4rtesak f\u00f6r oss\" class=\"ooc-hidden\" \/>\n            <div class=\"text\">\n              <h2><strong>P\u00e4lsdjurens v\u00e4lm\u00e5ende<\/strong>\n                <br \/>\u00e4r en hj\u00e4rtesak f\u00f6r oss<\/h2><\/div>\n          <\/a>\n\t\t\n          <a href=\"https:\/\/turkiskasvattajat.fi\/sv\/faq\/\" class=\"ooc-pages-slider-item\" style=\"background-image: url(https:\/\/turkiskasvattajat.fi\/wp-content\/uploads\/2019\/01\/faq-header-wpcf_400x225.png)\">\n            <img decoding=\"async\" src=\"https:\/\/turkiskasvattajat.fi\/wp-content\/uploads\/2019\/01\/faq-header-wpcf_400x225.png\" alt=\"FAQ | Fr\u00e5ga hellre - gissa inte. \" class=\"ooc-hidden\" \/>\n            <div class=\"text\">\n              <h2><strong>Fr\u00e5ga hellre - gissa inte.<\/strong>\n                <\/h2><\/div>\n          <\/a>\n\t\t\n          <a href=\"https:\/\/turkiskasvattajat.fi\/sv\/dataskyddsbeskrivning\/\" class=\"ooc-pages-slider-item\" style=\"background-image: url(https:\/\/turkiskasvattajat.fi\/wp-content\/uploads\/2019\/01\/header-kontakt-wpcf_400x225.png)\">\n            <img decoding=\"async\" src=\"https:\/\/turkiskasvattajat.fi\/wp-content\/uploads\/2019\/01\/header-kontakt-wpcf_400x225.png\" alt=\"Dataskyddsbeskrivning | Vi uppskattar att du h\u00f6r av dig \" class=\"ooc-hidden\" \/>\n            <div class=\"text\">\n              <h2><strong>Vi uppskattar att du h\u00f6r av dig<\/strong>\n                <\/h2><\/div>\n          <\/a>\n\t\t\n          <a href=\"https:\/\/turkiskasvattajat.fi\/sv\/aktuellt\/\" class=\"ooc-pages-slider-item\" style=\"background-image: url(https:\/\/turkiskasvattajat.fi\/wp-content\/uploads\/2019\/01\/header-ajankohtaista-wpcf_400x213.png)\">\n            <img decoding=\"async\" src=\"https:\/\/turkiskasvattajat.fi\/wp-content\/uploads\/2019\/01\/header-ajankohtaista-wpcf_400x213.png\" alt=\"Aktuellt | Senaste nytt inom p\u00e4lsbranschen \" class=\"ooc-hidden\" \/>\n            <div class=\"text\">\n              <h2><strong>Senaste nytt inom p\u00e4lsbranschen<\/strong>\n                <\/h2><\/div>\n          <\/a>\n\t\t\n\t\n  <\/div>\n\t\n                                              \n\t\n<\/div>\n\n[\/vc_column_text][\/vc_column][\/vc_row][\/vc_section]<\/p>\n<\/div>","protected":false},"excerpt":{"rendered":"<p>[vc_section full_width=&#8221;stretch_row_content&#8221; full_height=&#8221;yes&#8221; content_placement=&#8221;bottom&#8221; css=&#8221;.vc_custom_1545615629787{background-image: url(https:\/\/turkiskasvattajat.fi\/wp-content\/uploads\/2018\/12\/header-foretagaren.jpg?id=356) !important;background-position: center !important;background-repeat: no-repeat !important;background-size: cover !important;}&#8221; el_class=&#8221;ooc-hero&#8221;][vc_row][vc_column][vc_column_text css_animation=&#8221;none&#8221; el_class=&#8221;ooc-header-textblock&#8221;] Del av en l\u00e5ng generationskedja [\/vc_column_text][\/vc_column][\/vc_row][vc_row][vc_column][vc_raw_html]JTNDYSUyMGhyZWYlM0QlMjIlMjMlMjElMkZzY3JvbGwlMjIlMjBjbGFzcyUzRCUyMm9vYy1zY3JvbGwtaWNvbiUyMGFuY2hvci1saW5rJTIyJTNFJTNDJTJGYSUzRQ==[\/vc_raw_html][\/vc_column][\/vc_row][\/vc_section][vc_section css=&#8221;.vc_custom_1548248305823{padding-top: 120px !important;padding-bottom: 120px !important;}&#8221; el_id=&#8221;scroll&#8221;][vc_row el_class=&#8221;ooc-narrow-width&#8221;][vc_column][vc_column_text] F\u00f6retagaren Transparent familjef\u00f6retagande [\/vc_column_text][vc_column_text el_class=&#8221;columnize&#8221;]P\u00e5 landet \u00e4r det gott att leva f\u00f6r en p\u00e4lsdjursuppf\u00f6dare! Jag har aldrig ens funderat p\u00e5 att flytta. Jag njuter av de&hellip;<\/p>\n","protected":false},"author":2,"featured_media":0,"parent":0,"menu_order":0,"comment_status":"closed","ping_status":"closed","template":"","meta":{"footnotes":""},"class_list":["post-646","page","type-page","status-publish","hentry","description-off"],"_links":{"self":[{"href":"https:\/\/turkiskasvattajat.fi\/sv\/wp-json\/wp\/v2\/pages\/646","targetHints":{"allow":["GET"]}}],"collection":[{"href":"https:\/\/turkiskasvattajat.fi\/sv\/wp-json\/wp\/v2\/pages"}],"about":[{"href":"https:\/\/turkiskasvattajat.fi\/sv\/wp-json\/wp\/v2\/types\/page"}],"author":[{"embeddable":true,"href":"https:\/\/turkiskasvattajat.fi\/sv\/wp-json\/wp\/v2\/users\/2"}],"replies":[{"embeddable":true,"href":"https:\/\/turkiskasvattajat.fi\/sv\/wp-json\/wp\/v2\/comments?post=646"}],"version-history":[{"count":9,"href":"https:\/\/turkiskasvattajat.fi\/sv\/wp-json\/wp\/v2\/pages\/646\/revisions"}],"predecessor-version":[{"id":1003,"href":"https:\/\/turkiskasvattajat.fi\/sv\/wp-json\/wp\/v2\/pages\/646\/revisions\/1003"}],"wp:attachment":[{"href":"https:\/\/turkiskasvattajat.fi\/sv\/wp-json\/wp\/v2\/media?parent=646"}],"curies":[{"name":"wp","href":"https:\/\/api.w.org\/{rel}","templated":true}]}}