{"id":654,"date":"2019-01-23T20:46:25","date_gmt":"2019-01-23T18:46:25","guid":{"rendered":"https:\/\/turkis.dev.wikstrommedia.fi\/elinkeino\/"},"modified":"2020-03-09T12:47:10","modified_gmt":"2020-03-09T10:47:10","slug":"naringen","status":"publish","type":"page","link":"https:\/\/turkiskasvattajat.fi\/sv\/naringen\/","title":{"rendered":"N\u00e4ringen"},"content":{"rendered":"<div class=\"wpb-content-wrapper\"><p>[vc_section full_width=&#8221;stretch_row_content&#8221; full_height=&#8221;yes&#8221; content_placement=&#8221;bottom&#8221; css=&#8221;.vc_custom_1548269180926{background-image: url(https:\/\/turkiskasvattajat.fi\/wp-content\/uploads\/2019\/01\/header-naringen.jpg?id=529) !important;background-position: center !important;background-repeat: no-repeat !important;background-size: cover !important;}&#8221; el_class=&#8221;ooc-hero&#8221;][vc_row][vc_column][vc_column_text css_animation=&#8221;none&#8221; el_class=&#8221;ooc-header-textblock&#8221;]<\/p>\n<h2 class=\"large\" style=\"text-align: center;\"><strong>Livskraft, livskvalitet <\/strong><br \/>\noch en bra vardag<\/h2>\n<p>[\/vc_column_text][\/vc_column][\/vc_row][vc_row][vc_column][vc_raw_html]JTNDYSUyMGhyZWYlM0QlMjIlMjMlMjElMkZzY3JvbGwlMjIlMjBjbGFzcyUzRCUyMm9vYy1zY3JvbGwtaWNvbiUyMGFuY2hvci1saW5rJTIyJTNFJTNDJTJGYSUzRQ==[\/vc_raw_html][\/vc_column][\/vc_row][\/vc_section][vc_section full_width=&#8221;stretch_row&#8221; css=&#8221;.vc_custom_1583748667689{padding-top: 120px !important;padding-bottom: 120px !important;background-color: #f4f4f4 !important;}&#8221; el_id=&#8221;scroll&#8221;][vc_row el_class=&#8221;ooc-narrow-width&#8221;][vc_column][vc_column_text]<\/p>\n<h1 class=\"ooc-small-header black\">P\u00e4lsn\u00e4ringen<\/h1>\n<h2 class=\"ooc-divider\">Ekoprodukter i v\u00e4rldsklass<\/h2>\n<p>[\/vc_column_text][vc_column_text el_class=&#8221;columnize&#8221;]<strong>Hur vet man att p\u00e4lsens kvalitet \u00e4r den b\u00e4sta m\u00f6jliga?<\/strong> Det vet man om den kommer fr\u00e5n en finsk p\u00e4lsfarm, d\u00e4r kompetensen, ansvaret och verksamhetskvalit\u00e9n \u00e4r f\u00f6rstklassig. V\u00e4rldens mest h\u00f6gkvalitativa r\u00e4vskinn kommer fr\u00e5n oss. Bl\u00e5r\u00e4v \u00e4r den inhemska p\u00e4lsn\u00e4ringens huvudprodukt. Ut\u00f6ver bl\u00e5r\u00e4v och silverr\u00e4v f\u00f6der vi ocks\u00e5 upp mink och finnsjubb.<\/p>\n<p>Vi, de inhemska p\u00e4lsdjursuppf\u00f6darna, \u00e4r professionella, djurstammarna \u00e4r friska och klimatet st\u00f6der djurens tillv\u00e4xt. N\u00e4r verksamhetskvalit\u00e9n \u00e4r h\u00f6g s\u00e5 \u00e4r ocks\u00e5 efterfr\u00e5gan p\u00e5 p\u00e4lsarna god. Skinnen produceras p\u00e5 certifierade farmer. N\u00e4r de skickas till f\u00f6rs\u00e4ljning m\u00e4rks de med en streckkod som upplyser k\u00f6paren om att skinnet kommer fr\u00e5n just en av v\u00e5ra farmer.<\/p>\n<p>Finland \u00e4r f\u00f6reg\u00e5ngare n\u00e4r det kommer till certifiering inom p\u00e4lsdjursuppf\u00f6dning. Vad inneb\u00e4r certifieringen? Det \u00e4r ett kvalitetssystem som betonar ansvar, \u00f6ppenhet och dokumentation. Certifierade farmer lever upp till r\u00e5dande lagstiftning. Djurens h\u00e4lsa och v\u00e4lm\u00e5ende samt deras uppf\u00f6dningsf\u00f6rh\u00e5llanden \u00e4r i skick, liksom foderhanteringen, aveln och milj\u00f6ledningen. Det finns ocks\u00e5 krav p\u00e5 farmens hygien. Dessutom kr\u00e4vs s\u00e4rskild skolning och beredskap att agera i undantagsfall.<\/p>\n<p>P\u00e4lsar som producerats i Finland \u00e4r ekoprodukter i v\u00e4rldsklass. Det \u00e4r en h\u00f6gkvalitativ inhemsk produkt med \u00e4kta internationell efterfr\u00e5gan.[\/vc_column_text][\/vc_column][\/vc_row][\/vc_section][vc_section full_width=&#8221;stretch_row&#8221; css=&#8221;.vc_custom_1583748653892{padding-top: 120px !important;padding-bottom: 120px !important;background-color: #ffffff !important;}&#8221;][vc_row el_class=&#8221;ooc-narrow-width w850&#8243; css=&#8221;.vc_custom_1548272781387{padding-top: 60px !important;}&#8221;][vc_column width=&#8221;2\/3&#8243;][vc_column_text]<\/p>\n<h3>H\u00f6sten 2019 var andelen certifierade medlemsfarmer i Finlands P\u00e4lsdjursuppf\u00f6dares F\u00f6rbund totalt: 99,8 % av r\u00e4varna, 96,3 % av minkarna och 100 % av finnsjubbarna.<\/h3>\n<p>&nbsp;<\/p>\n<p>Uppf\u00f6daren \u00e5tar sig att kontinuerligt dokumentera verksamheten, s\u00e4kerst\u00e4lla sp\u00e5rbarheten, hj\u00e4lpa till att st\u00e4rka god praxis och uppt\u00e4cka brister. P\u00e4lsn\u00e4ringen investerar miljoner i forskning om djurens v\u00e4lm\u00e5ende.<\/p>\n<p>Bilden p\u00e5 kartan bredvid visar medlemsfarmer i FIFURs medlemsf\u00f6reningar. Det finns medlemsfarmer i alla Finlands l\u00e4n.[\/vc_column_text][\/vc_column][vc_column width=&#8221;1\/3&#8243;][vc_single_image image=&#8221;1517&#8243; img_size=&#8221;large&#8221;][\/vc_column][\/vc_row][\/vc_section][vc_section full_width=&#8221;stretch_row&#8221; css=&#8221;.vc_custom_1583748684894{padding-top: 50px !important;padding-bottom: 120px !important;background-color: #f4f4f4 !important;}&#8221;][vc_row el_class=&#8221;ooc-narrow-width&#8221;][vc_column][vc_column_text]<\/p>\n<h2 class=\"ooc-divider\">Starka r\u00f6tter<\/h2>\n<p><strong>Arbetsplatser h\u00e5ller landsbygden levande och h\u00e4r finns alla f\u00f6ruts\u00e4ttningar till ett gott liv.<\/strong> M\u00e5nga ungdomar f\u00e5r sitt f\u00f6rsta sommarjobb p\u00e5 p\u00e4lsfarmer och \u00e5terv\u00e4nder dit \u00e5r efter \u00e5r \u2013 m\u00e5nga blir kvar permanent. N\u00e4r man vuxit upp i ett litet samh\u00e4lle \u00e4r det trevligt att man inte m\u00e5ste flytta fr\u00e5n r\u00f6tterna f\u00f6r att f\u00e5 arbete. Man kan stanna i den bekanta lantmilj\u00f6n, d\u00e4r familj, sl\u00e4kt och v\u00e4nner finns n\u00e4ra. S\u00e5 \u00e4r inte fallet i alla glesbefolkade omr\u00e5den. Men h\u00e4r finns allts\u00e5 m\u00f6jlighet att planera livet p\u00e5 l\u00e5ng sikt. F\u00f6r oss inneb\u00e4r det h\u00e4r framf\u00f6rallt livskvalitet. [\/vc_column_text][\/vc_column][\/vc_row][\/vc_section][vc_section full_width=&#8221;stretch_row&#8221; parallax=&#8221;content-moving&#8221; css=&#8221;.vc_custom_1548272107355{padding-top: 120px !important;padding-bottom: 120px !important;background-image: url(https:\/\/turkiskasvattajat.fi\/wp-content\/uploads\/2019\/01\/fakta-img.jpg?id=488) !important;background-position: center !important;background-repeat: no-repeat !important;background-size: cover !important;}&#8221;][vc_row el_class=&#8221;ooc-narrow-width&#8221;][vc_column width=&#8221;1\/2&#8243;][vc_single_image image=&#8221;872&#8243; img_size=&#8221;medium&#8221; alignment=&#8221;center&#8221; image_hovers=&#8221;false&#8221;][\/vc_column][vc_column width=&#8221;1\/2&#8243;][vc_column_text el_class=&#8221;ooc-white&#8221;]Visste du att alla delar av p\u00e4lsdjuret tas tillvara? Skinn och p\u00e4ls ers\u00e4tter konstgjorda material, djurens fett blir till biodiesel och de \u00f6vriga delarna av djuret kommer tillbaka till farmerna som foder f\u00f6r andra djur. En mindre k\u00e4nd nytta med p\u00e4lsdjursuppf\u00f6dningen \u00e4r den g\u00f6dsel som uppst\u00e5r, av alla produktionsdjurs g\u00f6dsel \u00e4r den som kommer fr\u00e5n p\u00e4lsdjur mest rik p\u00e5 kv\u00e4ve och fosfor. G\u00f6dseln anv\u00e4nds som v\u00e4xtunderlag d\u00e5 n\u00e4ringen r\u00e4cker under en hel vegetationsperiod. G\u00f6dseln kan ocks\u00e5 anv\u00e4ndas f\u00f6r att producera g\u00f6dningsmedel rikt p\u00e5 fosfor.<\/p>\n<p><a class=\"ooc-button white\" href=\"\/sv\/visste-du\/\">L\u00e4s fler fakta<\/a>[\/vc_column_text][\/vc_column][\/vc_row][\/vc_section][vc_section full_width=&#8221;stretch_row&#8221; css=&#8221;.vc_custom_1548313596188{padding-top: 50px !important;padding-bottom: 120px !important;background-color: #f4f4f4 !important;}&#8221;][vc_row el_class=&#8221;ooc-narrow-width&#8221;][vc_column][vc_column_text]<\/p>\n<h2 class=\"ooc-divider\">Viktiga arbetsplatser<\/h2>\n<p>[\/vc_column_text][vc_column_text el_class=&#8221;columnize&#8221;]<strong>Vi anst\u00e4ller ocks\u00e5 m\u00e5nga nyfinl\u00e4ndare.<\/strong> Att f\u00e5 jobb p\u00e5skyndar integrationen och leder till att spr\u00e5kkunskaperna utvecklas. F\u00f6r oss \u00e4r det en rikedom att f\u00e5 arbetstagare med olika bakgrunder. Under h\u00f6stens p\u00e4lsningsperiod \u00e4r behovet av s\u00e4songsarbetare s\u00e4rskilt stort.<\/p>\n<p>Inom v\u00e5rt omr\u00e5de finns farmer i m\u00e5nga olika storlekar. Skatteint\u00e4kterna fr\u00e5n dem anv\u00e4nds f\u00f6r att finansiera skolor, daghem, \u00e4ldreomsorg och m\u00e5nga andra viktiga v\u00e4lf\u00e4rdstj\u00e4nster. Orterna h\u00e5lls vid liv och kommunen kan erbjuda sina inv\u00e5nare tj\u00e4nster som inte skulle vara m\u00f6jliga utan dessa skatteint\u00e4kter.<\/p>\n<p>Vi \u00e4r \u00f6vertygade om att n\u00e4r vi uppf\u00f6dare vill leva och bedriva p\u00e4lsdjursuppf\u00f6dning i ett glesbefolkat omr\u00e5de, d\u00e4r syssels\u00e4ttning inte \u00e4r n\u00e5gon sj\u00e4lvklarhet, s\u00e5 uppmuntrar v\u00e5rt exempel ocks\u00e5 andra att tro p\u00e5 en framtid f\u00f6r landsbygden.<\/p>\n<p>P\u00e4lsdjursuppf\u00f6dningen ger upphov till m\u00e5nga arbetsplatser ocks\u00e5 utanf\u00f6r branschen. Foderproduktionen \u00e4r ett exempel p\u00e5 detta. Det \u00e4r livligt p\u00e5 foderk\u00f6ken vid den mest br\u00e5dskande tiden p\u00e5 \u00e5ret, d\u00e5 n\u00e4r m\u00e5nga farmer beh\u00f6ver mycket foder samtidigt. Transportf\u00f6retagarna f\u00e5r mycket jobb n\u00e4r de ska transportera foderr\u00e5varor fr\u00e5n fisk- och k\u00f6ttindustrin, foder och andra tillbeh\u00f6r till p\u00e4lsfarmerna samt skinnen till f\u00f6rs\u00e4ljning. P\u00e4lsdjursuppf\u00f6dningen syssels\u00e4tter ocks\u00e5 hantverkare inom beredning, design och s\u00f6mnad av p\u00e4ls.<\/p>\n<p>Ut\u00f6ver dess regionala inverkan s\u00e5 \u00e4r p\u00e4lsn\u00e4ringen ocks\u00e5 p\u00e5 nationell niv\u00e5 en ekonomiskt betydande bransch som skapar syssels\u00e4ttning och genererar b\u00e5de export- och skatteinkomster. Auktionerna som h\u00e5lls fyra g\u00e5nger per \u00e5r ger betydande inkomster till bland annat huvudstadsregionen.[\/vc_column_text][\/vc_column][\/vc_row][\/vc_section][vc_section][vc_row][vc_column][vc_column_text]\n\n\n\n<div class=\"ooc-pages-slider-wrapper\">\n<div class=\"ooc-title-and-controls\">\n  <h2 class=\"title\">Bekanta dig med v\u00e5ra aktuella \u00e4mnen<\/h2>\n  <div class=\"ooc-pages-slider-controls\">\n    <button type=\"button\" class=\"slider-prev\"><\/button><button type=\"button\" class=\"slider-next\"><\/button>\n  <\/div>\n  <\/div>\n\t\n   <div class=\"ooc-pages-slider-slides\">\n\t\n\t\t\n          <a href=\"https:\/\/turkiskasvattajat.fi\/sv\/visste-du\/\" class=\"ooc-pages-slider-item\" style=\"background-image: url(https:\/\/turkiskasvattajat.fi\/wp-content\/uploads\/2019\/01\/180210_esk_0333-wpcf_400x267.jpg)\">\n            <img decoding=\"async\" src=\"https:\/\/turkiskasvattajat.fi\/wp-content\/uploads\/2019\/01\/180210_esk_0333-wpcf_400x267.jpg\" alt=\"Visste du? | Fakta talar f\u00f6r sig sj\u00e4lvt \" class=\"ooc-hidden\" \/>\n            <div class=\"text\">\n              <h2><strong>Fakta talar f\u00f6r sig sj\u00e4lvt<\/strong>\n                <\/h2><\/div>\n          <\/a>\n\t\t\n          <a href=\"https:\/\/turkiskasvattajat.fi\/sv\/videoarkivet\/\" class=\"ooc-pages-slider-item\" style=\"background-image: url(https:\/\/turkiskasvattajat.fi\/wp-content\/uploads\/2019\/01\/header-videoarkiv-wpcf_400x225.jpg)\">\n            <img decoding=\"async\" src=\"https:\/\/turkiskasvattajat.fi\/wp-content\/uploads\/2019\/01\/header-videoarkiv-wpcf_400x225.jpg\" alt=\"Videoarkivet | P\u00e4lsn\u00e4ringen \u00e4r i goda h\u00e4nder \u00e4ven i framtiden\" class=\"ooc-hidden\" \/>\n            <div class=\"text\">\n              <h2><strong>P\u00e4lsn\u00e4ringen \u00e4r i goda h\u00e4nder<\/strong>\n                <br \/>\u00e4ven i framtiden<\/h2><\/div>\n          <\/a>\n\t\t\n          <a href=\"https:\/\/turkiskasvattajat.fi\/sv\/till-media\/\" class=\"ooc-pages-slider-item\" style=\"background-image: url(https:\/\/turkiskasvattajat.fi\/wp-content\/uploads\/2019\/01\/header-medialle-wpcf_400x225.jpg)\">\n            <img decoding=\"async\" src=\"https:\/\/turkiskasvattajat.fi\/wp-content\/uploads\/2019\/01\/header-medialle-wpcf_400x225.jpg\" alt=\"Till media | Mer \u00e4n tusen ord \" class=\"ooc-hidden\" \/>\n            <div class=\"text\">\n              <h2><strong>Mer \u00e4n tusen ord<\/strong>\n                <\/h2><\/div>\n          <\/a>\n\t\t\n          <a href=\"https:\/\/turkiskasvattajat.fi\/sv\/\" class=\"ooc-pages-slider-item\" style=\"background-image: url(https:\/\/turkiskasvattajat.fi\/wp-content\/uploads\/2018\/11\/headerbild-wpcf_400x225.jpg)\">\n            <img decoding=\"async\" src=\"https:\/\/turkiskasvattajat.fi\/wp-content\/uploads\/2018\/11\/headerbild-wpcf_400x225.jpg\" alt=\"Start | Fr\u00e5n generation till generation \u2013 s\u00e5som det alltid varit\" class=\"ooc-hidden\" \/>\n            <div class=\"text\">\n              <h2><strong>Fr\u00e5n generation till generation<\/strong>\n                <br \/>\u2013 s\u00e5som det alltid varit<\/h2><\/div>\n          <\/a>\n\t\t\n          <a href=\"https:\/\/turkiskasvattajat.fi\/sv\/palsen\/\" class=\"ooc-pages-slider-item\" style=\"background-image: url(https:\/\/turkiskasvattajat.fi\/wp-content\/uploads\/2018\/12\/palsen-header-wpcf_400x225.jpg)\">\n            <img decoding=\"async\" src=\"https:\/\/turkiskasvattajat.fi\/wp-content\/uploads\/2018\/12\/palsen-header-wpcf_400x225.jpg\" alt=\"P\u00e4lsen | En inhemsk p\u00e4ls \u00e4r ett p\u00e5litligt plagg \" class=\"ooc-hidden\" \/>\n            <div class=\"text\">\n              <h2><strong>En inhemsk p\u00e4ls \u00e4r ett p\u00e5litligt plagg<\/strong>\n                <\/h2><\/div>\n          <\/a>\n\t\t\n          <a href=\"https:\/\/turkiskasvattajat.fi\/sv\/kontakt\/\" class=\"ooc-pages-slider-item\" style=\"background-image: url(https:\/\/turkiskasvattajat.fi\/wp-content\/uploads\/2019\/01\/header-kontakt-wpcf_400x225.png)\">\n            <img decoding=\"async\" src=\"https:\/\/turkiskasvattajat.fi\/wp-content\/uploads\/2019\/01\/header-kontakt-wpcf_400x225.png\" alt=\"Kontakt | Vi uppskattar att du h\u00f6r av dig \" class=\"ooc-hidden\" \/>\n            <div class=\"text\">\n              <h2><strong>Vi uppskattar att du h\u00f6r av dig<\/strong>\n                <\/h2><\/div>\n          <\/a>\n\t\t\n          <a href=\"https:\/\/turkiskasvattajat.fi\/sv\/fotoarkivet\/\" class=\"ooc-pages-slider-item\" style=\"background-image: url(https:\/\/turkiskasvattajat.fi\/wp-content\/uploads\/2019\/01\/header-videoarkiv-wpcf_400x225.jpg)\">\n            <img decoding=\"async\" src=\"https:\/\/turkiskasvattajat.fi\/wp-content\/uploads\/2019\/01\/header-videoarkiv-wpcf_400x225.jpg\" alt=\"Fotoarkivet | P\u00e4lsn\u00e4ringen \u00e4r i goda h\u00e4nder \u00e4ven i framtiden\" class=\"ooc-hidden\" \/>\n            <div class=\"text\">\n              <h2><strong>P\u00e4lsn\u00e4ringen \u00e4r i goda h\u00e4nder<\/strong>\n                <br \/>\u00e4ven i framtiden<\/h2><\/div>\n          <\/a>\n\t\t\n          <a href=\"https:\/\/turkiskasvattajat.fi\/sv\/foretagaren\/\" class=\"ooc-pages-slider-item\" style=\"background-image: url(https:\/\/turkiskasvattajat.fi\/wp-content\/uploads\/2018\/12\/header-foretagaren-wpcf_400x225.jpg)\">\n            <img decoding=\"async\" src=\"https:\/\/turkiskasvattajat.fi\/wp-content\/uploads\/2018\/12\/header-foretagaren-wpcf_400x225.jpg\" alt=\"F\u00f6retagaren | Del av en l\u00e5ng generationskedja \" class=\"ooc-hidden\" \/>\n            <div class=\"text\">\n              <h2><strong>Del av en l\u00e5ng generationskedja<\/strong>\n                <\/h2><\/div>\n          <\/a>\n\t\t\n          <a href=\"https:\/\/turkiskasvattajat.fi\/sv\/farmen\/\" class=\"ooc-pages-slider-item\" style=\"background-image: url(https:\/\/turkiskasvattajat.fi\/wp-content\/uploads\/2018\/12\/header-farmen-wpcf_400x225.jpg)\">\n            <img decoding=\"async\" src=\"https:\/\/turkiskasvattajat.fi\/wp-content\/uploads\/2018\/12\/header-farmen-wpcf_400x225.jpg\" alt=\"Farmen | P\u00e4lsdjurens v\u00e4lm\u00e5ende \u00e4r en hj\u00e4rtesak f\u00f6r oss\" class=\"ooc-hidden\" \/>\n            <div class=\"text\">\n              <h2><strong>P\u00e4lsdjurens v\u00e4lm\u00e5ende<\/strong>\n                <br \/>\u00e4r en hj\u00e4rtesak f\u00f6r oss<\/h2><\/div>\n          <\/a>\n\t\t\n          <a href=\"https:\/\/turkiskasvattajat.fi\/sv\/faq\/\" class=\"ooc-pages-slider-item\" style=\"background-image: url(https:\/\/turkiskasvattajat.fi\/wp-content\/uploads\/2019\/01\/faq-header-wpcf_400x225.png)\">\n            <img decoding=\"async\" src=\"https:\/\/turkiskasvattajat.fi\/wp-content\/uploads\/2019\/01\/faq-header-wpcf_400x225.png\" alt=\"FAQ | Fr\u00e5ga hellre - gissa inte. \" class=\"ooc-hidden\" \/>\n            <div class=\"text\">\n              <h2><strong>Fr\u00e5ga hellre - gissa inte.<\/strong>\n                <\/h2><\/div>\n          <\/a>\n\t\t\n          <a href=\"https:\/\/turkiskasvattajat.fi\/sv\/dataskyddsbeskrivning\/\" class=\"ooc-pages-slider-item\" style=\"background-image: url(https:\/\/turkiskasvattajat.fi\/wp-content\/uploads\/2019\/01\/header-kontakt-wpcf_400x225.png)\">\n            <img decoding=\"async\" src=\"https:\/\/turkiskasvattajat.fi\/wp-content\/uploads\/2019\/01\/header-kontakt-wpcf_400x225.png\" alt=\"Dataskyddsbeskrivning | Vi uppskattar att du h\u00f6r av dig \" class=\"ooc-hidden\" \/>\n            <div class=\"text\">\n              <h2><strong>Vi uppskattar att du h\u00f6r av dig<\/strong>\n                <\/h2><\/div>\n          <\/a>\n\t\t\n          <a href=\"https:\/\/turkiskasvattajat.fi\/sv\/aktuellt\/\" class=\"ooc-pages-slider-item\" style=\"background-image: url(https:\/\/turkiskasvattajat.fi\/wp-content\/uploads\/2019\/01\/header-ajankohtaista-wpcf_400x213.png)\">\n            <img decoding=\"async\" src=\"https:\/\/turkiskasvattajat.fi\/wp-content\/uploads\/2019\/01\/header-ajankohtaista-wpcf_400x213.png\" alt=\"Aktuellt | Senaste nytt inom p\u00e4lsbranschen \" class=\"ooc-hidden\" \/>\n            <div class=\"text\">\n              <h2><strong>Senaste nytt inom p\u00e4lsbranschen<\/strong>\n                <\/h2><\/div>\n          <\/a>\n\t\t\n\t\n  <\/div>\n\t\n                                              \n\t\n<\/div>\n\n[\/vc_column_text][\/vc_column][\/vc_row][\/vc_section]<\/p>\n<\/div>","protected":false},"excerpt":{"rendered":"<p>[vc_section full_width=&#8221;stretch_row_content&#8221; full_height=&#8221;yes&#8221; content_placement=&#8221;bottom&#8221; css=&#8221;.vc_custom_1548269180926{background-image: url(https:\/\/turkiskasvattajat.fi\/wp-content\/uploads\/2019\/01\/header-naringen.jpg?id=529) !important;background-position: center !important;background-repeat: no-repeat !important;background-size: cover !important;}&#8221; el_class=&#8221;ooc-hero&#8221;][vc_row][vc_column][vc_column_text css_animation=&#8221;none&#8221; el_class=&#8221;ooc-header-textblock&#8221;] Livskraft, livskvalitet och en bra vardag [\/vc_column_text][\/vc_column][\/vc_row][vc_row][vc_column][vc_raw_html]JTNDYSUyMGhyZWYlM0QlMjIlMjMlMjElMkZzY3JvbGwlMjIlMjBjbGFzcyUzRCUyMm9vYy1zY3JvbGwtaWNvbiUyMGFuY2hvci1saW5rJTIyJTNFJTNDJTJGYSUzRQ==[\/vc_raw_html][\/vc_column][\/vc_row][\/vc_section][vc_section full_width=&#8221;stretch_row&#8221; css=&#8221;.vc_custom_1583748667689{padding-top: 120px !important;padding-bottom: 120px !important;background-color: #f4f4f4 !important;}&#8221; el_id=&#8221;scroll&#8221;][vc_row el_class=&#8221;ooc-narrow-width&#8221;][vc_column][vc_column_text] P\u00e4lsn\u00e4ringen Ekoprodukter i v\u00e4rldsklass [\/vc_column_text][vc_column_text el_class=&#8221;columnize&#8221;]Hur vet man att p\u00e4lsens kvalitet \u00e4r den b\u00e4sta m\u00f6jliga? Det vet man om den kommer fr\u00e5n&hellip;<\/p>\n","protected":false},"author":2,"featured_media":0,"parent":0,"menu_order":0,"comment_status":"closed","ping_status":"closed","template":"","meta":{"footnotes":""},"class_list":["post-654","page","type-page","status-publish","hentry","description-off"],"_links":{"self":[{"href":"https:\/\/turkiskasvattajat.fi\/sv\/wp-json\/wp\/v2\/pages\/654","targetHints":{"allow":["GET"]}}],"collection":[{"href":"https:\/\/turkiskasvattajat.fi\/sv\/wp-json\/wp\/v2\/pages"}],"about":[{"href":"https:\/\/turkiskasvattajat.fi\/sv\/wp-json\/wp\/v2\/types\/page"}],"author":[{"embeddable":true,"href":"https:\/\/turkiskasvattajat.fi\/sv\/wp-json\/wp\/v2\/users\/2"}],"replies":[{"embeddable":true,"href":"https:\/\/turkiskasvattajat.fi\/sv\/wp-json\/wp\/v2\/comments?post=654"}],"version-history":[{"count":15,"href":"https:\/\/turkiskasvattajat.fi\/sv\/wp-json\/wp\/v2\/pages\/654\/revisions"}],"predecessor-version":[{"id":1523,"href":"https:\/\/turkiskasvattajat.fi\/sv\/wp-json\/wp\/v2\/pages\/654\/revisions\/1523"}],"wp:attachment":[{"href":"https:\/\/turkiskasvattajat.fi\/sv\/wp-json\/wp\/v2\/media?parent=654"}],"curies":[{"name":"wp","href":"https:\/\/api.w.org\/{rel}","templated":true}]}}