{"id":660,"date":"2019-01-24T10:20:20","date_gmt":"2019-01-24T08:20:20","guid":{"rendered":"https:\/\/turkis.dev.wikstrommedia.fi\/ajankohtaista\/"},"modified":"2019-11-07T12:34:23","modified_gmt":"2019-11-07T10:34:23","slug":"aktuellt","status":"publish","type":"page","link":"https:\/\/turkiskasvattajat.fi\/sv\/aktuellt\/","title":{"rendered":"Aktuellt"},"content":{"rendered":"<div class=\"wpb-content-wrapper\"><p>[vc_section full_width=&#8221;stretch_row_content&#8221; full_height=&#8221;yes&#8221; content_placement=&#8221;bottom&#8221; css=&#8221;.vc_custom_1548318324609{background-image: url(https:\/\/turkiskasvattajat.fi\/wp-content\/uploads\/2019\/01\/header-ajankohtaista.png?id=560) !important;background-position: center !important;background-repeat: no-repeat !important;background-size: cover !important;}&#8221; el_class=&#8221;ooc-hero&#8221;][vc_row][vc_column][vc_column_text css_animation=&#8221;none&#8221; el_class=&#8221;ooc-header-textblock&#8221;]<\/p>\n<h1 style=\"text-align: center;\"><strong>Senaste nytt inom p\u00e4lsbranschen<\/strong><\/h1>\n<p>[\/vc_column_text][\/vc_column][\/vc_row][vc_row][vc_column][vc_raw_html]JTNDYSUyMGhyZWYlM0QlMjIlMjMlMjElMkZzY3JvbGwlMjIlMjBjbGFzcyUzRCUyMm9vYy1zY3JvbGwtaWNvbiUyMGFuY2hvci1saW5rJTIyJTNFJTNDJTJGYSUzRQ==[\/vc_raw_html][\/vc_column][\/vc_row][\/vc_section][vc_section css=&#8221;.vc_custom_1548318906412{padding-top: 120px !important;padding-bottom: 120px !important;}&#8221; el_id=&#8221;scroll&#8221;][vc_row full_width=&#8221;stretch_row_content&#8221;][vc_column][vc_column_text]<\/p>\n<h2 style=\"text-align: center;\">Aktuellt<\/h2>\n<p>[\/vc_column_text][vc_column_text]\n\n\n<div class=\"ooc-newsfeed-wrapper\">\n\n  \n    <aside class=\"ooc-newsfeed-filter\">\n    \t<h4>Ordna enligt \u00e4mne:<\/h4>\n    \t<div class=\"ooc-newsfeed-filter-buttons\">\n      \t\t<a href=\"#\" class=\"ooc-button filter-trigger\" data-posttype=\"news\">Nyheter<\/a>\n    \t\t<a href=\"#\" class=\"ooc-button filter-trigger\" data-posttype=\"question\">FAQ<\/a>\n    \t\t<a href=\"#\" class=\"ooc-button filter-trigger\" data-posttype=\"fact\">100 fakta<\/a>\n    \t\t<a href=\"#\" class=\"ooc-button filter-trigger\" data-posttype=\"article\">Artiklar<\/a>\n          <a href=\"#\" class=\"ooc-button filter-reset\">Visa alla<\/a>\n      \t<\/div>\n  <\/aside>\n\t\n\t\t\n          \n          <div class=\"ooc-newsfeed-item\" data-posttype=\"fact\">\n            \n            \n            <div class=\"ooc-newsfeed-item-content\">\n            \t<h2 class=\"ooc-divider\">#100<\/h2>\n            \t<p>Visste du, att i utbildningen av uppf\u00f6darm\u00e4stare \u00e4r fokuset p\u00e5 djurens v\u00e4lbefinnande? Under utbildningen undervisas uppf\u00f6dare om djurbehandling och f\u00f6rebyggande av sjukdomar. Uppf\u00f6dare l\u00e4r sig att k\u00e4nna igen symtom av de vanligaste sjukdomarna och ingripa i dem i tid.<\/p>\n\n              <a href=\"https:\/\/turkiskasvattajat.fi\/sv\/fact\/100\/\" class=\"ooc-button\">L\u00e4s mer<\/a>\n            \t\n            \t<div class=\"ooc-newsfeed-item-type\">100 fakta<\/div>\n            <\/div>\n            \n          <\/div>\n\t\t\n          \n          <div class=\"ooc-newsfeed-item\" data-posttype=\"fact\">\n            \n            \n            <div class=\"ooc-newsfeed-item-content\">\n            \t<h2 class=\"ooc-divider\">#99<\/h2>\n            \t<p>Visste du, att &#8217;wild fur&#8217; \u00e4r en term som anv\u00e4nds f\u00f6r skinn av jagat p\u00e4lsdjur? Auktionsbolag s\u00e4ljer p\u00e4lsskinn av vilda djur t. ex. fr\u00e5n Nordamerika, men efterfr\u00e5gan \u00e4r mindre \u00e4n efterfr\u00e5gan p\u00e5 burdjurens p\u00e4lsar p\u00e5 grund av deras varierande kvalitet.<\/p>\n\n              <a href=\"https:\/\/turkiskasvattajat.fi\/sv\/fact\/99\/\" class=\"ooc-button\">L\u00e4s mer<\/a>\n            \t\n            \t<div class=\"ooc-newsfeed-item-type\">100 fakta<\/div>\n            <\/div>\n            \n          <\/div>\n          <div class=\"ooc-newsfeed-item facebook\">\n            <h4>F\u00f6lj oss p\u00e5 Facebook<\/h4>\n            <div class=\"cff-wrapper\"><div id=\"cff\" data-char=\"100\" class=\"cff  cff-timeline-feed cff-all-reviews  cff-lb\" style=\"width:100%; \" data-fb-text=\"View on Facebook\" data-offset=\"\" data-own-token=\"true\" data-grid-pag=\"cursor\" data-lb-comments=\"false\" data-pag-num=\"3\" data-cff-shortcode=\"{&quot;exclude&quot;: &quot;media,eventdetails,social,link,likebox&quot;, &quot;textlength&quot;: &quot;100&quot;, &quot;type&quot;: &quot;status,links,events,photos&quot;, &quot;num&quot;: &quot;3&quot;}\"><div class=\"cff-posts-wrap\"><div class='cff-error-msg'><p><b>This message is only visible to admins:<\/b><br \/>Unable to display Facebook posts<\/p><div id=\"cff-error-reason\"><b>Error:<\/b> Error validating access token: The session has been invalidated because the user changed their password or Facebook has changed the session for security reasons.<br \/><b>Type:<\/b> OAuthException<br \/><b>Code:<\/b> 190<br \/>Subcode: 460<br \/><a href=\"https:\/\/smashballoon.com\/custom-facebook-feed\/docs\/errors\/\" target=\"_blank\">Click here to Troubleshoot<\/a>.<\/div><\/div><\/div><\/div><div class=\"cff-clear\"><\/div><\/div>\n          <\/div>\n          \n          \n          \n          \n          <div class=\"ooc-newsfeed-item\" data-posttype=\"fact\">\n            \n            \n            <div class=\"ooc-newsfeed-item-content\">\n            \t<h2 class=\"ooc-divider\">#98<\/h2>\n            \t<p>Visste du, att cirka en miljon vilda djur d\u00f6r \u00e5rligen i trafiken och i andra olyckor i Finland? Av dem \u00e4r ca. 7500 r\u00e4var. F\u00f6r det mesta f\u00f6rloras p\u00e4lsen. I Finland m\u00e5ste man \u00e4ven skjuta tusentals djur varje \u00e5r f\u00f6r att bibeh\u00e5lla ett balanserat ekosystem, skydda andra djurbest\u00e5nd och kontrollera spridningen av sjukdomar. P\u00e4lsar av&#8230;<\/p>\n\n              <a href=\"https:\/\/turkiskasvattajat.fi\/sv\/fact\/98\/\" class=\"ooc-button\">L\u00e4s mer<\/a>\n            \t\n            \t<div class=\"ooc-newsfeed-item-type\">100 fakta<\/div>\n            <\/div>\n            \n          <\/div>\n\t\t\n          \n          <div class=\"ooc-newsfeed-item\" data-posttype=\"fact\">\n            \n            \n            <div class=\"ooc-newsfeed-item-content\">\n            \t<h2 class=\"ooc-divider\">#97<\/h2>\n            \t<p>Visste du, att tillg\u00e5ng till bobyggnadsmaterial och lya minskar minkarnas valpd\u00f6dlighet och niv\u00e5er av stresshormon hos minkmodern efter valpningen? Lyan \u00e4r s\u00e4rskilt viktig f\u00f6r p\u00e4lsdjur d\u00e5 valparna \u00e4r sm\u00e5. Vid valpningsperioden f\u00e4sts det p\u00e5 burbotten ett finmaskigt valpn\u00e4t som hindrar valparna fr\u00e5n att falla genom n\u00e4tet.<\/p>\n\n              <a href=\"https:\/\/turkiskasvattajat.fi\/sv\/fact\/97\/\" class=\"ooc-button\">L\u00e4s mer<\/a>\n            \t\n            \t<div class=\"ooc-newsfeed-item-type\">100 fakta<\/div>\n            <\/div>\n            \n          <\/div>\n\t\t\n\t\n  <div class=\"ooc-newsfeed-item read-more\">\n    <a href=\"#\" class=\"ooc-button read-more\" data-nextpage=\"2\">Visa fler nyheter<\/a>\n  <\/div>\n\t\n\t\n\n<\/div>\n[\/vc_column_text][\/vc_column][\/vc_row][\/vc_section][vc_section][vc_row][vc_column][vc_column_text]\n\n\n\n<div class=\"ooc-pages-slider-wrapper\">\n<div class=\"ooc-title-and-controls\">\n  <h2 class=\"title\">Bekanta dig med v\u00e5ra aktuella \u00e4mnen<\/h2>\n  <div class=\"ooc-pages-slider-controls\">\n    <button type=\"button\" class=\"slider-prev\"><\/button><button type=\"button\" class=\"slider-next\"><\/button>\n  <\/div>\n  <\/div>\n\t\n   <div class=\"ooc-pages-slider-slides\">\n\t\n\t\t\n          <a href=\"https:\/\/turkiskasvattajat.fi\/sv\/visste-du\/\" class=\"ooc-pages-slider-item\" style=\"background-image: url(https:\/\/turkiskasvattajat.fi\/wp-content\/uploads\/2019\/01\/180210_esk_0333-wpcf_400x267.jpg)\">\n            <img decoding=\"async\" src=\"https:\/\/turkiskasvattajat.fi\/wp-content\/uploads\/2019\/01\/180210_esk_0333-wpcf_400x267.jpg\" alt=\"Visste du? | Fakta talar f\u00f6r sig sj\u00e4lvt \" class=\"ooc-hidden\" \/>\n            <div class=\"text\">\n              <h2><strong>Fakta talar f\u00f6r sig sj\u00e4lvt<\/strong>\n                <\/h2><\/div>\n          <\/a>\n\t\t\n          <a href=\"https:\/\/turkiskasvattajat.fi\/sv\/videoarkivet\/\" class=\"ooc-pages-slider-item\" style=\"background-image: url(https:\/\/turkiskasvattajat.fi\/wp-content\/uploads\/2019\/01\/header-videoarkiv-wpcf_400x225.jpg)\">\n            <img decoding=\"async\" src=\"https:\/\/turkiskasvattajat.fi\/wp-content\/uploads\/2019\/01\/header-videoarkiv-wpcf_400x225.jpg\" alt=\"Videoarkivet | P\u00e4lsn\u00e4ringen \u00e4r i goda h\u00e4nder \u00e4ven i framtiden\" class=\"ooc-hidden\" \/>\n            <div class=\"text\">\n              <h2><strong>P\u00e4lsn\u00e4ringen \u00e4r i goda h\u00e4nder<\/strong>\n                <br \/>\u00e4ven i framtiden<\/h2><\/div>\n          <\/a>\n\t\t\n          <a href=\"https:\/\/turkiskasvattajat.fi\/sv\/till-media\/\" class=\"ooc-pages-slider-item\" style=\"background-image: url(https:\/\/turkiskasvattajat.fi\/wp-content\/uploads\/2019\/01\/header-medialle-wpcf_400x225.jpg)\">\n            <img decoding=\"async\" src=\"https:\/\/turkiskasvattajat.fi\/wp-content\/uploads\/2019\/01\/header-medialle-wpcf_400x225.jpg\" alt=\"Till media | Mer \u00e4n tusen ord \" class=\"ooc-hidden\" \/>\n            <div class=\"text\">\n              <h2><strong>Mer \u00e4n tusen ord<\/strong>\n                <\/h2><\/div>\n          <\/a>\n\t\t\n          <a href=\"https:\/\/turkiskasvattajat.fi\/sv\/\" class=\"ooc-pages-slider-item\" style=\"background-image: url(https:\/\/turkiskasvattajat.fi\/wp-content\/uploads\/2018\/11\/headerbild-wpcf_400x225.jpg)\">\n            <img decoding=\"async\" src=\"https:\/\/turkiskasvattajat.fi\/wp-content\/uploads\/2018\/11\/headerbild-wpcf_400x225.jpg\" alt=\"Start | Fr\u00e5n generation till generation \u2013 s\u00e5som det alltid varit\" class=\"ooc-hidden\" \/>\n            <div class=\"text\">\n              <h2><strong>Fr\u00e5n generation till generation<\/strong>\n                <br \/>\u2013 s\u00e5som det alltid varit<\/h2><\/div>\n          <\/a>\n\t\t\n          <a href=\"https:\/\/turkiskasvattajat.fi\/sv\/palsen\/\" class=\"ooc-pages-slider-item\" style=\"background-image: url(https:\/\/turkiskasvattajat.fi\/wp-content\/uploads\/2018\/12\/palsen-header-wpcf_400x225.jpg)\">\n            <img decoding=\"async\" src=\"https:\/\/turkiskasvattajat.fi\/wp-content\/uploads\/2018\/12\/palsen-header-wpcf_400x225.jpg\" alt=\"P\u00e4lsen | En inhemsk p\u00e4ls \u00e4r ett p\u00e5litligt plagg \" class=\"ooc-hidden\" \/>\n            <div class=\"text\">\n              <h2><strong>En inhemsk p\u00e4ls \u00e4r ett p\u00e5litligt plagg<\/strong>\n                <\/h2><\/div>\n          <\/a>\n\t\t\n          <a href=\"https:\/\/turkiskasvattajat.fi\/sv\/naringen\/\" class=\"ooc-pages-slider-item\" style=\"background-image: url(https:\/\/turkiskasvattajat.fi\/wp-content\/uploads\/2019\/01\/181809_esk_0599-wpcf_400x267.jpg)\">\n            <img decoding=\"async\" src=\"https:\/\/turkiskasvattajat.fi\/wp-content\/uploads\/2019\/01\/181809_esk_0599-wpcf_400x267.jpg\" alt=\"N\u00e4ringen | Livskraft, livskvalitet och en bra vardag\" class=\"ooc-hidden\" \/>\n            <div class=\"text\">\n              <h2><strong>Livskraft, livskvalitet<\/strong>\n                <br \/>och en bra vardag<\/h2><\/div>\n          <\/a>\n\t\t\n          <a href=\"https:\/\/turkiskasvattajat.fi\/sv\/kontakt\/\" class=\"ooc-pages-slider-item\" style=\"background-image: url(https:\/\/turkiskasvattajat.fi\/wp-content\/uploads\/2019\/01\/header-kontakt-wpcf_400x225.png)\">\n            <img decoding=\"async\" src=\"https:\/\/turkiskasvattajat.fi\/wp-content\/uploads\/2019\/01\/header-kontakt-wpcf_400x225.png\" alt=\"Kontakt | Vi uppskattar att du h\u00f6r av dig \" class=\"ooc-hidden\" \/>\n            <div class=\"text\">\n              <h2><strong>Vi uppskattar att du h\u00f6r av dig<\/strong>\n                <\/h2><\/div>\n          <\/a>\n\t\t\n          <a href=\"https:\/\/turkiskasvattajat.fi\/sv\/fotoarkivet\/\" class=\"ooc-pages-slider-item\" style=\"background-image: url(https:\/\/turkiskasvattajat.fi\/wp-content\/uploads\/2019\/01\/header-videoarkiv-wpcf_400x225.jpg)\">\n            <img decoding=\"async\" src=\"https:\/\/turkiskasvattajat.fi\/wp-content\/uploads\/2019\/01\/header-videoarkiv-wpcf_400x225.jpg\" alt=\"Fotoarkivet | P\u00e4lsn\u00e4ringen \u00e4r i goda h\u00e4nder \u00e4ven i framtiden\" class=\"ooc-hidden\" \/>\n            <div class=\"text\">\n              <h2><strong>P\u00e4lsn\u00e4ringen \u00e4r i goda h\u00e4nder<\/strong>\n                <br \/>\u00e4ven i framtiden<\/h2><\/div>\n          <\/a>\n\t\t\n          <a href=\"https:\/\/turkiskasvattajat.fi\/sv\/foretagaren\/\" class=\"ooc-pages-slider-item\" style=\"background-image: url(https:\/\/turkiskasvattajat.fi\/wp-content\/uploads\/2018\/12\/header-foretagaren-wpcf_400x225.jpg)\">\n            <img decoding=\"async\" src=\"https:\/\/turkiskasvattajat.fi\/wp-content\/uploads\/2018\/12\/header-foretagaren-wpcf_400x225.jpg\" alt=\"F\u00f6retagaren | Del av en l\u00e5ng generationskedja \" class=\"ooc-hidden\" \/>\n            <div class=\"text\">\n              <h2><strong>Del av en l\u00e5ng generationskedja<\/strong>\n                <\/h2><\/div>\n          <\/a>\n\t\t\n          <a href=\"https:\/\/turkiskasvattajat.fi\/sv\/farmen\/\" class=\"ooc-pages-slider-item\" style=\"background-image: url(https:\/\/turkiskasvattajat.fi\/wp-content\/uploads\/2018\/12\/header-farmen-wpcf_400x225.jpg)\">\n            <img decoding=\"async\" src=\"https:\/\/turkiskasvattajat.fi\/wp-content\/uploads\/2018\/12\/header-farmen-wpcf_400x225.jpg\" alt=\"Farmen | P\u00e4lsdjurens v\u00e4lm\u00e5ende \u00e4r en hj\u00e4rtesak f\u00f6r oss\" class=\"ooc-hidden\" \/>\n            <div class=\"text\">\n              <h2><strong>P\u00e4lsdjurens v\u00e4lm\u00e5ende<\/strong>\n                <br \/>\u00e4r en hj\u00e4rtesak f\u00f6r oss<\/h2><\/div>\n          <\/a>\n\t\t\n          <a href=\"https:\/\/turkiskasvattajat.fi\/sv\/faq\/\" class=\"ooc-pages-slider-item\" style=\"background-image: url(https:\/\/turkiskasvattajat.fi\/wp-content\/uploads\/2019\/01\/faq-header-wpcf_400x225.png)\">\n            <img decoding=\"async\" src=\"https:\/\/turkiskasvattajat.fi\/wp-content\/uploads\/2019\/01\/faq-header-wpcf_400x225.png\" alt=\"FAQ | Fr\u00e5ga hellre - gissa inte. \" class=\"ooc-hidden\" \/>\n            <div class=\"text\">\n              <h2><strong>Fr\u00e5ga hellre - gissa inte.<\/strong>\n                <\/h2><\/div>\n          <\/a>\n\t\t\n          <a href=\"https:\/\/turkiskasvattajat.fi\/sv\/dataskyddsbeskrivning\/\" class=\"ooc-pages-slider-item\" style=\"background-image: url(https:\/\/turkiskasvattajat.fi\/wp-content\/uploads\/2019\/01\/header-kontakt-wpcf_400x225.png)\">\n            <img decoding=\"async\" src=\"https:\/\/turkiskasvattajat.fi\/wp-content\/uploads\/2019\/01\/header-kontakt-wpcf_400x225.png\" alt=\"Dataskyddsbeskrivning | Vi uppskattar att du h\u00f6r av dig \" class=\"ooc-hidden\" \/>\n            <div class=\"text\">\n              <h2><strong>Vi uppskattar att du h\u00f6r av dig<\/strong>\n                <\/h2><\/div>\n          <\/a>\n\t\t\n\t\n  <\/div>\n\t\n                                              \n\t\n<\/div>\n\n[\/vc_column_text][\/vc_column][\/vc_row][\/vc_section]<\/p>\n<\/div>","protected":false},"excerpt":{"rendered":"<p>[vc_section full_width=&#8221;stretch_row_content&#8221; full_height=&#8221;yes&#8221; content_placement=&#8221;bottom&#8221; css=&#8221;.vc_custom_1548318324609{background-image: url(https:\/\/turkiskasvattajat.fi\/wp-content\/uploads\/2019\/01\/header-ajankohtaista.png?id=560) !important;background-position: center !important;background-repeat: no-repeat !important;background-size: cover !important;}&#8221; el_class=&#8221;ooc-hero&#8221;][vc_row][vc_column][vc_column_text css_animation=&#8221;none&#8221; el_class=&#8221;ooc-header-textblock&#8221;] Senaste nytt inom p\u00e4lsbranschen [\/vc_column_text][\/vc_column][\/vc_row][vc_row][vc_column][vc_raw_html]JTNDYSUyMGhyZWYlM0QlMjIlMjMlMjElMkZzY3JvbGwlMjIlMjBjbGFzcyUzRCUyMm9vYy1zY3JvbGwtaWNvbiUyMGFuY2hvci1saW5rJTIyJTNFJTNDJTJGYSUzRQ==[\/vc_raw_html][\/vc_column][\/vc_row][\/vc_section][vc_section css=&#8221;.vc_custom_1548318906412{padding-top: 120px !important;padding-bottom: 120px !important;}&#8221; el_id=&#8221;scroll&#8221;][vc_row full_width=&#8221;stretch_row_content&#8221;][vc_column][vc_column_text] Aktuellt [\/vc_column_text][vc_column_text] Ordna enligt \u00e4mne: Nyheter FAQ 100 fakta Artiklar Visa alla #100 Visste du, att i utbildningen av uppf\u00f6darm\u00e4stare \u00e4r fokuset p\u00e5 djurens v\u00e4lbefinnande? Under utbildningen&hellip;<\/p>\n","protected":false},"author":2,"featured_media":0,"parent":0,"menu_order":0,"comment_status":"closed","ping_status":"closed","template":"","meta":{"footnotes":""},"class_list":["post-660","page","type-page","status-publish","hentry","description-off"],"_links":{"self":[{"href":"https:\/\/turkiskasvattajat.fi\/sv\/wp-json\/wp\/v2\/pages\/660","targetHints":{"allow":["GET"]}}],"collection":[{"href":"https:\/\/turkiskasvattajat.fi\/sv\/wp-json\/wp\/v2\/pages"}],"about":[{"href":"https:\/\/turkiskasvattajat.fi\/sv\/wp-json\/wp\/v2\/types\/page"}],"author":[{"embeddable":true,"href":"https:\/\/turkiskasvattajat.fi\/sv\/wp-json\/wp\/v2\/users\/2"}],"replies":[{"embeddable":true,"href":"https:\/\/turkiskasvattajat.fi\/sv\/wp-json\/wp\/v2\/comments?post=660"}],"version-history":[{"count":4,"href":"https:\/\/turkiskasvattajat.fi\/sv\/wp-json\/wp\/v2\/pages\/660\/revisions"}],"predecessor-version":[{"id":1351,"href":"https:\/\/turkiskasvattajat.fi\/sv\/wp-json\/wp\/v2\/pages\/660\/revisions\/1351"}],"wp:attachment":[{"href":"https:\/\/turkiskasvattajat.fi\/sv\/wp-json\/wp\/v2\/media?parent=660"}],"curies":[{"name":"wp","href":"https:\/\/api.w.org\/{rel}","templated":true}]}}