{"id":667,"date":"2019-01-02T13:25:01","date_gmt":"2019-01-02T11:25:01","guid":{"rendered":"https:\/\/turkis.dev.wikstrommedia.fi\/faq\/"},"modified":"2019-02-25T10:47:15","modified_gmt":"2019-02-25T08:47:15","slug":"faq","status":"publish","type":"page","link":"https:\/\/turkiskasvattajat.fi\/sv\/faq\/","title":{"rendered":"FAQ"},"content":{"rendered":"<div class=\"wpb-content-wrapper\"><p>[vc_section full_width=&#8221;stretch_row_content&#8221; full_height=&#8221;yes&#8221; content_placement=&#8221;bottom&#8221; css=&#8221;.vc_custom_1546428363953{background-image: url(https:\/\/turkiskasvattajat.fi\/wp-content\/uploads\/2019\/01\/faq-header.png?id=371) !important;}&#8221; el_class=&#8221;ooc-hero&#8221;][vc_row][vc_column][vc_column_text css_animation=&#8221;none&#8221; el_class=&#8221;ooc-header-textblock&#8221;]<\/p>\n<h1 style=\"text-align: center;\"><strong>Fr\u00e5ga hellre &#8211; gissa inte.<\/strong><\/h1>\n<h2 class=\"ooc-small-header white\" style=\"text-align: center;\">F\u00e5 svar p\u00e5 allt du n\u00e5gonsin velat veta om p\u00e4lsbranschen<\/h2>\n<p>[\/vc_column_text][\/vc_column][\/vc_row][vc_row][vc_column][vc_raw_html]JTNDYSUyMGhyZWYlM0QlMjIlMjMlMjElMkZzY3JvbGwlMjIlMjBjbGFzcyUzRCUyMm9vYy1zY3JvbGwtaWNvbiUyMGFuY2hvci1saW5rJTIyJTNFJTNDJTJGYSUzRQ==[\/vc_raw_html][\/vc_column][\/vc_row][\/vc_section][vc_section css=&#8221;.vc_custom_1548798010342{padding-top: 80px !important;padding-bottom: 40px !important;}&#8221; el_id=&#8221;scroll&#8221;][vc_row][vc_column][vc_column_text el_class=&#8221;ooc-narrow-width w850&#8243;]<\/p>\n<h1 class=\"ooc-small-header black\" style=\"text-align: center;\">Fr\u00e5gor &amp; svar<\/h1>\n<h2 class=\"ooc-divider center\" style=\"text-align: center;\">Ni fr\u00e5gar, vi svarar!<\/h2>\n<p>V\u00e5r sida \u00f6ppnar f\u00f6r m\u00f6jligheten att st\u00e4lla fr\u00e5gor. Har du funderat p\u00e5 n\u00e5got g\u00e4llande p\u00e4lsbranschen? Via den h\u00e4r sidan svarar p\u00e4lsdjursuppf\u00f6dningens experter p\u00e5 dina fr\u00e5gor, f\u00f6r vem skulle k\u00e4nna till omr\u00e5det b\u00e4ttre \u00e4n dem? Dra nytta av den h\u00e4r unika m\u00f6jligheten! Fyll i din signatur, e-postadress och fr\u00e5ga i f\u00e4lten h\u00e4r nedan.<\/p>\n<p>&nbsp;<\/p>\n<div class=\"wpcf7 no-js\" id=\"wpcf7-f772-o1\" lang=\"sv-SE\" dir=\"ltr\" data-wpcf7-id=\"772\">\n<div class=\"screen-reader-response\"><p role=\"status\" aria-live=\"polite\" aria-atomic=\"true\"><\/p> <ul><\/ul><\/div>\n<form action=\"\/sv\/wp-json\/wp\/v2\/pages\/667#wpcf7-f772-o1\" method=\"post\" class=\"wpcf7-form init\" aria-label=\"Kontaktformul\u00e4r\" novalidate=\"novalidate\" data-status=\"init\">\n<div style=\"display: none;\">\n<input type=\"hidden\" name=\"_wpcf7\" value=\"772\" \/>\n<input type=\"hidden\" name=\"_wpcf7_version\" value=\"6.0\" \/>\n<input type=\"hidden\" name=\"_wpcf7_locale\" value=\"sv_SE\" \/>\n<input type=\"hidden\" name=\"_wpcf7_unit_tag\" value=\"wpcf7-f772-o1\" \/>\n<input type=\"hidden\" name=\"_wpcf7_container_post\" value=\"0\" \/>\n<input type=\"hidden\" name=\"_wpcf7_posted_data_hash\" value=\"\" \/>\n<input type=\"hidden\" name=\"_wpcf7_recaptcha_response\" value=\"\" \/>\n<\/div>\n<p><label>Signatur*<br \/>\n<span class=\"wpcf7-form-control-wrap\" data-name=\"faq-name\"><input size=\"40\" maxlength=\"400\" class=\"wpcf7-form-control wpcf7-text wpcf7-validates-as-required\" aria-required=\"true\" aria-invalid=\"false\" value=\"\" type=\"text\" name=\"faq-name\" \/><\/span><\/label>\n<\/p>\n<p><label>E-postadress*<br \/>\n<span class=\"wpcf7-form-control-wrap\" data-name=\"faq-email\"><input size=\"40\" maxlength=\"400\" class=\"wpcf7-form-control wpcf7-email wpcf7-validates-as-required wpcf7-text wpcf7-validates-as-email\" aria-required=\"true\" aria-invalid=\"false\" value=\"\" type=\"email\" name=\"faq-email\" \/><\/span><\/label>\n<\/p>\n<p><label>Fr\u00e5ga*<br \/>\n<span class=\"wpcf7-form-control-wrap\" data-name=\"faq-question\"><input size=\"40\" maxlength=\"400\" class=\"wpcf7-form-control wpcf7-text wpcf7-validates-as-required\" aria-required=\"true\" aria-invalid=\"false\" value=\"\" type=\"text\" name=\"faq-question\" \/><\/span><\/label>\n<\/p>\n<p>Vill du att vi kontaktar dig n\u00e4r din fr\u00e5ga f\u00e5tt svar?<br \/>\n<span class=\"wpcf7-form-control-wrap\" data-name=\"faq-contact\"><span class=\"wpcf7-form-control wpcf7-radio\"><span class=\"wpcf7-list-item first\"><input type=\"radio\" name=\"faq-contact\" value=\"Ja\" checked=\"checked\" \/><span class=\"wpcf7-list-item-label\">Ja<\/span><\/span><span class=\"wpcf7-list-item last\"><input type=\"radio\" name=\"faq-contact\" value=\"Nej\" \/><span class=\"wpcf7-list-item-label\">Nej<\/span><\/span><\/span><\/span>\n<\/p>\n<div class=\"ooc-submit-wrapper\">\n\t<p><input class=\"wpcf7-form-control wpcf7-submit has-spinner ooc-hidden\" type=\"submit\" value=\"L\u00e4het\u00e4 kysymyksesi\" \/><button class=\"ooc-button\" for=\"wpcf7-submit\">Skicka in fr\u00e5gan<\/button>\n\t<\/p>\n<\/div><div class=\"wpcf7-response-output\" aria-hidden=\"true\"><\/div>\n<\/form>\n<\/div>\n[\/vc_column_text][\/vc_column][\/vc_row][\/vc_section][vc_section full_width=&#8221;stretch_row_content&#8221; css=&#8221;.vc_custom_1546514226362{padding-top: 60px !important;padding-bottom: 60px !important;background-color: #f4f4f4 !important;}&#8221;][vc_row][vc_column][vc_column_text]\n\n\n\n<div class=\"ooc-faq-slider-wrapper\">\n  <div class=\"ooc-faq-slider-arrows\">\n    <button class=\"faq-slider-prev\"><\/button>\n    <button class=\"faq-slider-next\"><\/button>\n  <\/div>\n  <div class=\"ooc-faq-slider-slides\">\n\t\n\t\n\t\t\n          <article class=\"ooc-faq-slider-item\">\n            <h2 class=\"ooc-small-header black\"><\/h2>\n            <h1 class=\"ooc-divider smaller center ooc-caps\">Varf\u00f6r ska man inte v\u00e4lja fuskp\u00e4ls?<\/h1>\n            <p>Syntetisk p\u00e4ls m\u00e5 vara billig vid ink\u00f6p men har kort livsl\u00e4ngd och inneh\u00e5ller mikroplaster som l\u00e4mnar sp\u00e5r i naturen, den f\u00f6rmultnar inte som \u00e4kta p\u00e4ls. \u00c4kta p\u00e4ls \u00e4r ett slitstarkt och \u00e5tervinningsbart naturmaterial. \u00c4kta p\u00e4ls kan b\u00e4ras med stolthet \u2013 du har gjort ett val f\u00f6r milj\u00f6n.<\/p>\n\n          <\/article>\n\t\t\n          <article class=\"ooc-faq-slider-item\">\n            <h2 class=\"ooc-small-header black\"><\/h2>\n            <h1 class=\"ooc-divider smaller center ooc-caps\">Varifr\u00e5n hittar man inhemska p\u00e4lsplagg?<\/h1>\n            <p>P\u00e4ls \u00e4r ett slitstarkt material som passar bra i nordliga f\u00f6rh\u00e5llanden. Bekanta dig med \u00e4mnet p\u00e5 sidan <a href=\"https:\/\/www.luonnonvaate.fi\" rel=\"noopener\" target=\"_blank\">www.luonnonvaate.fi<\/a>. Under avsnittet om p\u00e4ls (turkis) finns l\u00e4nkar till sidor d\u00e4r man kan skaffa inhemska p\u00e4lsprodukter.<\/p>\n\n          <\/article>\n\t\t\n\t\n  <\/div>\n  <div class=\"ooc-faq-slider-dots\">\n  <\/div>\n\t\n\t\n  \n<\/div>\n\n[\/vc_column_text][\/vc_column][\/vc_row][\/vc_section][vc_section css=&#8221;.vc_custom_1546500736148{padding-top: 80px !important;padding-bottom: 80px !important;}&#8221;][vc_row][vc_column][vc_column_text el_class=&#8221;ooc-narrow-width&#8221;]<\/p>\n<h3 class=\"ooc-divider full\">Vanliga fr\u00e5gor<\/h3>\n<div class=\"ooc-faq-wrapper  \">\n\t\n\t\n\t\t\n          <article id=\"faq-varfor-ska-man-inte-valja-fuskpals\" class=\"ooc-faq-item\">\n            <input type=\"checkbox\" id=\"varfor-ska-man-inte-valja-fuskpals\" name=\"ooc-faq-checkbox\" \/>\n            <h1><label for=\"varfor-ska-man-inte-valja-fuskpals\">Varf\u00f6r ska man inte v\u00e4lja fuskp\u00e4ls?<\/label><\/h1>\n            <div class=\"ooc-faq-answer\">\n            \t<p>Syntetisk p\u00e4ls m\u00e5 vara billig vid ink\u00f6p men har kort livsl\u00e4ngd och inneh\u00e5ller mikroplaster som l\u00e4mnar sp\u00e5r i naturen, den f\u00f6rmultnar inte som \u00e4kta p\u00e4ls. \u00c4kta p\u00e4ls \u00e4r ett slitstarkt och \u00e5tervinningsbart naturmaterial. \u00c4kta p\u00e4ls kan b\u00e4ras med stolthet \u2013 du har gjort ett val f\u00f6r milj\u00f6n.<\/p>\n\n            <\/div>\n          <\/article>\n\t\t\n          <article id=\"faq-hur-kan-man-forsakra-sig-om-att-palsen-pa-ett-plagg-ar-inhemsk\" class=\"ooc-faq-item\">\n            <input type=\"checkbox\" id=\"hur-kan-man-forsakra-sig-om-att-palsen-pa-ett-plagg-ar-inhemsk\" name=\"ooc-faq-checkbox\" \/>\n            <h1><label for=\"hur-kan-man-forsakra-sig-om-att-palsen-pa-ett-plagg-ar-inhemsk\">Hur kan man f\u00f6rs\u00e4kra sig om att p\u00e4lsen p\u00e5 ett plagg \u00e4r inhemsk?<\/label><\/h1>\n            <div class=\"ooc-faq-answer\">\n            \t<p>P\u00e4ls fr\u00e5n certifierade farmer m\u00e4rks med en streckkod f\u00f6r att ursprunget ska kunna sp\u00e5ras. D\u00e4rf\u00f6r kan internationella modehus som anv\u00e4nder skinn fr\u00e5n finska certifierade p\u00e4lsfarmer i sina kollektioner lita p\u00e5 att skinnen \u00e4r producerade under r\u00e4ttvisa f\u00f6rh\u00e5llanden och att de \u00e4r av god kvalitet. M\u00e5nga av modehusen vill att de skinn de anv\u00e4nt ska kunna sp\u00e5ras tillbaka till farmen. Samma m\u00e4rkningar ber\u00e4ttar om p\u00e4lsens ursprung f\u00f6r slutkonsumenten.<\/p>\n\n            <\/div>\n          <\/article>\n\t\t\n          <article id=\"faq-varifran-hittar-man-inhemska-palsplagg\" class=\"ooc-faq-item\">\n            <input type=\"checkbox\" id=\"varifran-hittar-man-inhemska-palsplagg\" name=\"ooc-faq-checkbox\" \/>\n            <h1><label for=\"varifran-hittar-man-inhemska-palsplagg\">Varifr\u00e5n hittar man inhemska p\u00e4lsplagg?<\/label><\/h1>\n            <div class=\"ooc-faq-answer\">\n            \t<p>P\u00e4ls \u00e4r ett slitstarkt material som passar bra i nordliga f\u00f6rh\u00e5llanden. Bekanta dig med \u00e4mnet p\u00e5 sidan <a href=\"https:\/\/www.luonnonvaate.fi\" rel=\"noopener\" target=\"_blank\">www.luonnonvaate.fi<\/a>. Under avsnittet om p\u00e4ls (turkis) finns l\u00e4nkar till sidor d\u00e4r man kan skaffa inhemska p\u00e4lsprodukter.<\/p>\n\n            <\/div>\n          <\/article>\n\t\t\n          <article id=\"faq-varfor-foder-man-upp-palsdjur-i-burar\" class=\"ooc-faq-item\">\n            <input type=\"checkbox\" id=\"varfor-foder-man-upp-palsdjur-i-burar\" name=\"ooc-faq-checkbox\" \/>\n            <h1><label for=\"varfor-foder-man-upp-palsdjur-i-burar\">Varf\u00f6r f\u00f6der man upp p\u00e4lsdjur i burar?<\/label><\/h1>\n            <div class=\"ooc-faq-answer\">\n            \t<p>Uppf\u00f6dning i bur och burarnas nuvarande storlek grundar sig p\u00e5 forskningsr\u00f6n. \u00c4ven om p\u00e4lsdjur i naturen r\u00f6r sig mycket s\u00e5 finns det alltid en viss orsak till det, s\u00e5som att leta efter n\u00e4ring eller en l\u00e4mplig partner att para sig med. Dessa behov uppfylls p\u00e5 farmen i uppf\u00f6dningsburarna. Alla p\u00e4lsdjur lever i en v\u00e4rld av lukter och ett \u00f6ppet skugghus g\u00f6r det m\u00f6jligt f\u00f6r dem att unders\u00f6ka lukterna i omgivningen.<\/p>\n\n            <\/div>\n          <\/article>\n\t\t\n\t\n\t\n\t\n<\/div>\n\n[\/vc_column_text][\/vc_column][\/vc_row][\/vc_section][vc_section full_width=&#8221;stretch_row&#8221; css=&#8221;.vc_custom_1546428526281{background-color: #f4f4f4 !important;}&#8221;][vc_row][vc_column][vc_column_text]\n\n\n\n<div class=\"ooc-pages-slider-wrapper\">\n<div class=\"ooc-title-and-controls\">\n  <h2 class=\"title\">Bekanta dig med v\u00e5ra aktuella \u00e4mnen<\/h2>\n  <div class=\"ooc-pages-slider-controls\">\n    <button type=\"button\" class=\"slider-prev\"><\/button><button type=\"button\" class=\"slider-next\"><\/button>\n  <\/div>\n  <\/div>\n\t\n   <div class=\"ooc-pages-slider-slides\">\n\t\n\t\t\n          <a href=\"https:\/\/turkiskasvattajat.fi\/sv\/visste-du\/\" class=\"ooc-pages-slider-item\" style=\"background-image: url(https:\/\/turkiskasvattajat.fi\/wp-content\/uploads\/2019\/01\/180210_esk_0333-wpcf_400x267.jpg)\">\n            <img decoding=\"async\" src=\"https:\/\/turkiskasvattajat.fi\/wp-content\/uploads\/2019\/01\/180210_esk_0333-wpcf_400x267.jpg\" alt=\"Visste du? | Fakta talar f\u00f6r sig sj\u00e4lvt \" class=\"ooc-hidden\" \/>\n            <div class=\"text\">\n              <h2><strong>Fakta talar f\u00f6r sig sj\u00e4lvt<\/strong>\n                <\/h2><\/div>\n          <\/a>\n\t\t\n          <a href=\"https:\/\/turkiskasvattajat.fi\/sv\/videoarkivet\/\" class=\"ooc-pages-slider-item\" style=\"background-image: url(https:\/\/turkiskasvattajat.fi\/wp-content\/uploads\/2019\/01\/header-videoarkiv-wpcf_400x225.jpg)\">\n            <img decoding=\"async\" src=\"https:\/\/turkiskasvattajat.fi\/wp-content\/uploads\/2019\/01\/header-videoarkiv-wpcf_400x225.jpg\" alt=\"Videoarkivet | P\u00e4lsn\u00e4ringen \u00e4r i goda h\u00e4nder \u00e4ven i framtiden\" class=\"ooc-hidden\" \/>\n            <div class=\"text\">\n              <h2><strong>P\u00e4lsn\u00e4ringen \u00e4r i goda h\u00e4nder<\/strong>\n                <br \/>\u00e4ven i framtiden<\/h2><\/div>\n          <\/a>\n\t\t\n          <a href=\"https:\/\/turkiskasvattajat.fi\/sv\/till-media\/\" class=\"ooc-pages-slider-item\" style=\"background-image: url(https:\/\/turkiskasvattajat.fi\/wp-content\/uploads\/2019\/01\/header-medialle-wpcf_400x225.jpg)\">\n            <img decoding=\"async\" src=\"https:\/\/turkiskasvattajat.fi\/wp-content\/uploads\/2019\/01\/header-medialle-wpcf_400x225.jpg\" alt=\"Till media | Mer \u00e4n tusen ord \" class=\"ooc-hidden\" \/>\n            <div class=\"text\">\n              <h2><strong>Mer \u00e4n tusen ord<\/strong>\n                <\/h2><\/div>\n          <\/a>\n\t\t\n          <a href=\"https:\/\/turkiskasvattajat.fi\/sv\/\" class=\"ooc-pages-slider-item\" style=\"background-image: url(https:\/\/turkiskasvattajat.fi\/wp-content\/uploads\/2018\/11\/headerbild-wpcf_400x225.jpg)\">\n            <img decoding=\"async\" src=\"https:\/\/turkiskasvattajat.fi\/wp-content\/uploads\/2018\/11\/headerbild-wpcf_400x225.jpg\" alt=\"Start | Fr\u00e5n generation till generation \u2013 s\u00e5som det alltid varit\" class=\"ooc-hidden\" \/>\n            <div class=\"text\">\n              <h2><strong>Fr\u00e5n generation till generation<\/strong>\n                <br \/>\u2013 s\u00e5som det alltid varit<\/h2><\/div>\n          <\/a>\n\t\t\n          <a href=\"https:\/\/turkiskasvattajat.fi\/sv\/palsen\/\" class=\"ooc-pages-slider-item\" style=\"background-image: url(https:\/\/turkiskasvattajat.fi\/wp-content\/uploads\/2018\/12\/palsen-header-wpcf_400x225.jpg)\">\n            <img decoding=\"async\" src=\"https:\/\/turkiskasvattajat.fi\/wp-content\/uploads\/2018\/12\/palsen-header-wpcf_400x225.jpg\" alt=\"P\u00e4lsen | En inhemsk p\u00e4ls \u00e4r ett p\u00e5litligt plagg \" class=\"ooc-hidden\" \/>\n            <div class=\"text\">\n              <h2><strong>En inhemsk p\u00e4ls \u00e4r ett p\u00e5litligt plagg<\/strong>\n                <\/h2><\/div>\n          <\/a>\n\t\t\n          <a href=\"https:\/\/turkiskasvattajat.fi\/sv\/naringen\/\" class=\"ooc-pages-slider-item\" style=\"background-image: url(https:\/\/turkiskasvattajat.fi\/wp-content\/uploads\/2019\/01\/181809_esk_0599-wpcf_400x267.jpg)\">\n            <img decoding=\"async\" src=\"https:\/\/turkiskasvattajat.fi\/wp-content\/uploads\/2019\/01\/181809_esk_0599-wpcf_400x267.jpg\" alt=\"N\u00e4ringen | Livskraft, livskvalitet och en bra vardag\" class=\"ooc-hidden\" \/>\n            <div class=\"text\">\n              <h2><strong>Livskraft, livskvalitet<\/strong>\n                <br \/>och en bra vardag<\/h2><\/div>\n          <\/a>\n\t\t\n          <a href=\"https:\/\/turkiskasvattajat.fi\/sv\/kontakt\/\" class=\"ooc-pages-slider-item\" style=\"background-image: url(https:\/\/turkiskasvattajat.fi\/wp-content\/uploads\/2019\/01\/header-kontakt-wpcf_400x225.png)\">\n            <img decoding=\"async\" src=\"https:\/\/turkiskasvattajat.fi\/wp-content\/uploads\/2019\/01\/header-kontakt-wpcf_400x225.png\" alt=\"Kontakt | Vi uppskattar att du h\u00f6r av dig \" class=\"ooc-hidden\" \/>\n            <div class=\"text\">\n              <h2><strong>Vi uppskattar att du h\u00f6r av dig<\/strong>\n                <\/h2><\/div>\n          <\/a>\n\t\t\n          <a href=\"https:\/\/turkiskasvattajat.fi\/sv\/fotoarkivet\/\" class=\"ooc-pages-slider-item\" style=\"background-image: url(https:\/\/turkiskasvattajat.fi\/wp-content\/uploads\/2019\/01\/header-videoarkiv-wpcf_400x225.jpg)\">\n            <img decoding=\"async\" src=\"https:\/\/turkiskasvattajat.fi\/wp-content\/uploads\/2019\/01\/header-videoarkiv-wpcf_400x225.jpg\" alt=\"Fotoarkivet | P\u00e4lsn\u00e4ringen \u00e4r i goda h\u00e4nder \u00e4ven i framtiden\" class=\"ooc-hidden\" \/>\n            <div class=\"text\">\n              <h2><strong>P\u00e4lsn\u00e4ringen \u00e4r i goda h\u00e4nder<\/strong>\n                <br \/>\u00e4ven i framtiden<\/h2><\/div>\n          <\/a>\n\t\t\n          <a href=\"https:\/\/turkiskasvattajat.fi\/sv\/foretagaren\/\" class=\"ooc-pages-slider-item\" style=\"background-image: url(https:\/\/turkiskasvattajat.fi\/wp-content\/uploads\/2018\/12\/header-foretagaren-wpcf_400x225.jpg)\">\n            <img decoding=\"async\" src=\"https:\/\/turkiskasvattajat.fi\/wp-content\/uploads\/2018\/12\/header-foretagaren-wpcf_400x225.jpg\" alt=\"F\u00f6retagaren | Del av en l\u00e5ng generationskedja \" class=\"ooc-hidden\" \/>\n            <div class=\"text\">\n              <h2><strong>Del av en l\u00e5ng generationskedja<\/strong>\n                <\/h2><\/div>\n          <\/a>\n\t\t\n          <a href=\"https:\/\/turkiskasvattajat.fi\/sv\/farmen\/\" class=\"ooc-pages-slider-item\" style=\"background-image: url(https:\/\/turkiskasvattajat.fi\/wp-content\/uploads\/2018\/12\/header-farmen-wpcf_400x225.jpg)\">\n            <img decoding=\"async\" src=\"https:\/\/turkiskasvattajat.fi\/wp-content\/uploads\/2018\/12\/header-farmen-wpcf_400x225.jpg\" alt=\"Farmen | P\u00e4lsdjurens v\u00e4lm\u00e5ende \u00e4r en hj\u00e4rtesak f\u00f6r oss\" class=\"ooc-hidden\" \/>\n            <div class=\"text\">\n              <h2><strong>P\u00e4lsdjurens v\u00e4lm\u00e5ende<\/strong>\n                <br \/>\u00e4r en hj\u00e4rtesak f\u00f6r oss<\/h2><\/div>\n          <\/a>\n\t\t\n          <a href=\"https:\/\/turkiskasvattajat.fi\/sv\/dataskyddsbeskrivning\/\" class=\"ooc-pages-slider-item\" style=\"background-image: url(https:\/\/turkiskasvattajat.fi\/wp-content\/uploads\/2019\/01\/header-kontakt-wpcf_400x225.png)\">\n            <img decoding=\"async\" src=\"https:\/\/turkiskasvattajat.fi\/wp-content\/uploads\/2019\/01\/header-kontakt-wpcf_400x225.png\" alt=\"Dataskyddsbeskrivning | Vi uppskattar att du h\u00f6r av dig \" class=\"ooc-hidden\" \/>\n            <div class=\"text\">\n              <h2><strong>Vi uppskattar att du h\u00f6r av dig<\/strong>\n                <\/h2><\/div>\n          <\/a>\n\t\t\n          <a href=\"https:\/\/turkiskasvattajat.fi\/sv\/aktuellt\/\" class=\"ooc-pages-slider-item\" style=\"background-image: url(https:\/\/turkiskasvattajat.fi\/wp-content\/uploads\/2019\/01\/header-ajankohtaista-wpcf_400x213.png)\">\n            <img decoding=\"async\" src=\"https:\/\/turkiskasvattajat.fi\/wp-content\/uploads\/2019\/01\/header-ajankohtaista-wpcf_400x213.png\" alt=\"Aktuellt | Senaste nytt inom p\u00e4lsbranschen \" class=\"ooc-hidden\" \/>\n            <div class=\"text\">\n              <h2><strong>Senaste nytt inom p\u00e4lsbranschen<\/strong>\n                <\/h2><\/div>\n          <\/a>\n\t\t\n\t\n  <\/div>\n\t\n                                              \n\t\n<\/div>\n\n[\/vc_column_text][\/vc_column][\/vc_row][\/vc_section]<\/p>\n<\/div>","protected":false},"excerpt":{"rendered":"<p>Fr\u00e5ga hellre &#8211; gissa inte. F\u00e5 svar p\u00e5 allt du n\u00e5gonsin velat veta om p\u00e4lsbranschen Fr\u00e5gor &amp; svar Ni fr\u00e5gar, vi svarar! V\u00e5r sida \u00f6ppnar f\u00f6r m\u00f6jligheten att st\u00e4lla fr\u00e5gor. Har du funderat p\u00e5 n\u00e5got g\u00e4llande p\u00e4lsbranschen? Via den h\u00e4r sidan svarar p\u00e4lsdjursuppf\u00f6dningens experter p\u00e5 dina fr\u00e5gor, f\u00f6r vem skulle k\u00e4nna till omr\u00e5det b\u00e4ttre \u00e4n&hellip;<\/p>\n","protected":false},"author":2,"featured_media":0,"parent":0,"menu_order":0,"comment_status":"closed","ping_status":"closed","template":"","meta":{"footnotes":""},"class_list":["post-667","page","type-page","status-publish","hentry","description-off"],"_links":{"self":[{"href":"https:\/\/turkiskasvattajat.fi\/sv\/wp-json\/wp\/v2\/pages\/667","targetHints":{"allow":["GET"]}}],"collection":[{"href":"https:\/\/turkiskasvattajat.fi\/sv\/wp-json\/wp\/v2\/pages"}],"about":[{"href":"https:\/\/turkiskasvattajat.fi\/sv\/wp-json\/wp\/v2\/types\/page"}],"author":[{"embeddable":true,"href":"https:\/\/turkiskasvattajat.fi\/sv\/wp-json\/wp\/v2\/users\/2"}],"replies":[{"embeddable":true,"href":"https:\/\/turkiskasvattajat.fi\/sv\/wp-json\/wp\/v2\/comments?post=667"}],"version-history":[{"count":5,"href":"https:\/\/turkiskasvattajat.fi\/sv\/wp-json\/wp\/v2\/pages\/667\/revisions"}],"predecessor-version":[{"id":951,"href":"https:\/\/turkiskasvattajat.fi\/sv\/wp-json\/wp\/v2\/pages\/667\/revisions\/951"}],"wp:attachment":[{"href":"https:\/\/turkiskasvattajat.fi\/sv\/wp-json\/wp\/v2\/media?parent=667"}],"curies":[{"name":"wp","href":"https:\/\/api.w.org\/{rel}","templated":true}]}}